{"id":1303,"date":"2014-02-08T02:06:51","date_gmt":"2014-02-08T02:06:51","guid":{"rendered":"https:\/\/www.tecnologialibredeconflicto.org\/home-2\/"},"modified":"2017-06-12T16:37:18","modified_gmt":"2017-06-12T14:37:18","slug":"home","status":"publish","type":"page","link":"https:\/\/www.tecnologialibredeconflicto.org\/en\/home\/","title":{"rendered":"Home"},"content":{"rendered":"<div class=\"sd-full-width-bg\" style=\"background-color: #ffffff; color: #1e1d1c;\">\n<div class=\"container\">\n<h2 class=\"sd-center sd-size3\">What is Conflict-free Technology?<\/h2>\n<div class=\"one-fifth \"><\/div>\n<div class=\"three-fifth \">\n<h3>A campaign to break the links between technology and violence<\/h3>\n<p class=\"sd-center\"><strong>\u201cConflict-free Technology\u201d<\/strong> is a campaign launched by the Spanish NGO, ALBOAN,\u00a0 to draw attention to the connection\u00a0 between mobile phones, tablets and computers and the war in the eastern Democratic Republic of the Congo (DRC).<\/p>\n<p class=\"sd-center\"><a style=\"background-color: #f6862b; color: #ffffff; border-radius: 1px;\"  class=\"sd-button   \" href=\"https:\/\/www.tecnologialibredeconflicto.org\/en\/que-es-tlc\/\" > Enlarge information<\/a>\n<\/div>\n<div class=\"one-fifth \"><\/div>\n<\/div>\n<\/div>\n<div class=\"sd-full-width-bg\" style=\"background-color: #f6862b; color: #1e1d1c;\">\n<div style=\"padding-bottom: 30px; margin-top: 30px;\" class=\"space-divider\"><\/div>\n<div class=\"container\">\n<div style=\"padding-bottom: 30px; margin-top: 0px;\" class=\"space-divider\"><\/div>\n<h2 class=\"sd-center sd-size3\">WHAT CAN I DO?<\/h2>\n<div style=\"padding-bottom: 30px; margin-top: 30px;\" class=\"space-divider\"><\/div>\n<div class=\"one-half \">\n<h3>SPEAK OUT FOR A FREE TECHNOLOGY OF CONFLICT<\/h3>\n<p>Give us your email to keep you abreast of citizen action are we going to stat-up will this collecting signatures.<\/p>\n<div style=\"padding-bottom: 0px; margin-top: 30px;\" class=\"space-divider\"><\/div>\n<div class=\"one-fifth \">\n<p><a class=\"a-dark\" title=\"\u00bfQu\u00e9 puedo hacer yo?\" href=\"https:\/\/www.tecnologialibredeconflicto.org\/en\/firma\/\"><img loading=\"lazy\" decoding=\"async\" class=\"aligncenter wp-image-799 size-full\" src=\"https:\/\/www.tecnologialibredeconflicto.org\/wp-content\/uploads\/2014\/02\/firma2.png\" rel=\"PrettyPhoto&#091;1303&#093;\" alt=\"firma2\" width=\"133\" height=\"133\" \/><\/a><\/p>\n<h5 class=\"sd-center\">SIGN<\/h5>\n<\/div>\n<div class=\"one-fifth \">\n<p><a class=\"a-dark\" title=\"\u00bfQu\u00e9 puedo hacer yo?\" href=\"https:\/\/www.tecnologialibredeconflicto.org\/en\/what-can-i-do\/#anchor-campa\u00f1a\"><img loading=\"lazy\" decoding=\"async\" class=\"aligncenter wp-image-804 size-full\" src=\"https:\/\/www.tecnologialibredeconflicto.org\/wp-content\/uploads\/2014\/02\/compartir2.png\" rel=\"PrettyPhoto&#091;1303&#093;\" alt=\"compartir2\" width=\"133\" height=\"133\" \/><\/a><\/p>\n<h5 class=\"sd-center\">PUBLICISE THE CAMPAIGN<\/h5>\n<\/div>\n<div class=\"one-fifth last \">\n<a class=\"a-dark\" title=\"\u00bfQu\u00e9 puedo hacer yo?\" href=\"https:\/\/www.tecnologialibredeconflicto.org\/en\/what-can-i-do\/#anchor-formate\"><img loading=\"lazy\" decoding=\"async\" class=\"aligncenter wp-image-806 size-full\" src=\"https:\/\/www.tecnologialibredeconflicto.org\/wp-content\/uploads\/2014\/02\/formate.png\" rel=\"PrettyPhoto&#091;1303&#093;\" alt=\"formate\" width=\"133\" height=\"133\" \/><\/a><\/p>\n<h5 class=\"sd-center\">LEARN MORE<\/h5>\n<\/div><div class=\"clearfix\"><\/div>\n<\/div>\n<div class=\"one-half last \">\n<div class='video-embed '><iframe src='http:\/\/www.youtube.com\/embed\/uOAwhgU52NY?HD=1;rel=0;showinfo=0&amp;autoplay=' class='iframe'><\/iframe><\/div>\n<\/div><div class=\"clearfix\"><\/div>\n<div style=\"padding-bottom: 30px; margin-top: 0px;\" class=\"space-divider\"><\/div>\n<\/div>\n<\/div>\n<div style=\"padding-bottom: 30px; margin-top: 30px;\" class=\"space-divider\"><\/div>\n<div class=\"container\">\n<h3 class=\"sd-center sd-size6\">LATEST NEWS<\/h3>\n<div style=\"padding-bottom: 30px; margin-top: 30px;\" class=\"space-divider\"><\/div>\n<div class=\"container sd-latest-blog\">\n\t\t\t\t<div class=\"row\">\n<div class=\"span3\">\n\t\t\n\t\n\t<h4><a href=\"https:\/\/www.tecnologialibredeconflicto.org\/en\/alboan-at-the-basque-circular-summit-2025\/\" title=\"Alboan at the Basque Circular Summit 2025\">Alboan at the Basque Circular Summit 2025<\/a><\/h4>\n\t\t<ul>\n\t\t<li><span class=\"sd-meta-color\">On: <\/span>17\/03\/2025<\/li>\n\t\t<li><span class=\"sd-meta-color\">By: <\/span>Eider Mamolar<\/li>\n\t\t<\/ul>\n\t<p>We\u2019ll be at the largest circular economy conference in Southern Euro ...<\/p>\n\t\t\n<\/div>\n<div class=\"span3\">\n\t\t\n\t\t<div class=\"latest-blog-thumb\">\n\t\t<figure><img decoding=\"async\" src=\"https:\/\/www.tecnologialibredeconflicto.org\/wp-content\/uploads\/2020\/05\/covid19-justiceinmining-270x190.jpg\" class=\"attachment-latest-blog size-latest-blog wp-post-image\" alt=\"\" data-id=\"7828\" \/><span class=\"post-rating\"><a href=\"#\" data-post_id=\"7820\">\n\t\t\t\t\t<span class=\"not-voted\" title=\"I like this article\"><i class=\"fa fa-heart\"><\/i><\/span>\n\t\t\t\t<\/a><span class=\"vote-count\"><\/span><\/span><\/figure>\n\t<\/div>\n\t\n\t<h4><a href=\"https:\/\/www.tecnologialibredeconflicto.org\/en\/covid-19-pandemic-a-call-of-the-justice-in-mining-network-to-strengthen-cooperation-and-solidarity-with-communities-affected-by-mining\/\" title=\"COVID-19 pandemic: A call of the Justice in Mining Network to strengthen cooperation and solidarity with communities affected by mining\">COVID-19 pandemic: A call of the Justice in Mining Network to strengthen cooperation and solidarity with communities affected by mining<\/a><\/h4>\n\t\t<ul>\n\t\t<li><span class=\"sd-meta-color\">On: <\/span>11\/05\/2020<\/li>\n\t\t<li><span class=\"sd-meta-color\">By: <\/span>Eider Mamolar<\/li>\n\t\t<\/ul>\n\t<p>The COVID-19 pandemic is having a devastating impact across the world  ...<\/p>\n\t\t\n<\/div>\n<div class=\"span3\">\n\t\t\n\t\t<div class=\"latest-blog-thumb\">\n\t\t<figure><img decoding=\"async\" src=\"https:\/\/www.tecnologialibredeconflicto.org\/wp-content\/uploads\/2020\/03\/Minas-270x190.jpg\" class=\"attachment-latest-blog size-latest-blog wp-post-image\" alt=\"\" data-id=\"7660\" \/><span class=\"post-rating\"><a href=\"#\" data-post_id=\"7667\">\n\t\t\t\t\t<span class=\"not-voted\" title=\"I like this article\"><i class=\"fa fa-heart\"><\/i><\/span>\n\t\t\t\t<\/a><span class=\"vote-count\"><\/span><\/span><\/figure>\n\t<\/div>\n\t\n\t<h4><a href=\"https:\/\/www.tecnologialibredeconflicto.org\/en\/civil-society-calls-for-transparency-on-the-companies-subjected-to-the-european-unions-regulation-on-the-supply-of-3tg-minerals\/\" title=\"Civil society calls for transparency on the companies subjected to the European Union\u2019s Regulation on the supply of 3TG minerals\">Civil society calls for transparency on the companies subjected to the European Union\u2019s Regulation on the supply of 3TG minerals<\/a><\/h4>\n\t\t<ul>\n\t\t<li><span class=\"sd-meta-color\">On: <\/span>04\/03\/2020<\/li>\n\t\t<li><span class=\"sd-meta-color\">By: <\/span>Eider Mamolar<\/li>\n\t\t<\/ul>\n\t<p>The EU Regulation on the responsible supply of tin, tungsten, tantalum ...<\/p>\n\t\t\n<\/div>\n<div class=\"span3\">\n\t\t\n\t\t<div class=\"latest-blog-thumb\">\n\t\t<figure><img decoding=\"async\" src=\"https:\/\/www.tecnologialibredeconflicto.org\/wp-content\/uploads\/2018\/12\/foro-social-mineria-270x190.jpg\" class=\"attachment-latest-blog size-latest-blog wp-post-image\" alt=\"ALBOAN en el foro Social\" data-id=\"3781\" \/><span class=\"post-rating\"><a href=\"#\" data-post_id=\"3785\">\n\t\t\t\t\t<span class=\"not-voted\" title=\"I like this article\"><i class=\"fa fa-heart\"><\/i><\/span>\n\t\t\t\t<\/a><span class=\"vote-count\">1<\/span><\/span><\/figure>\n\t<\/div>\n\t\n\t<h4><a href=\"https:\/\/www.tecnologialibredeconflicto.org\/en\/alboan-at-the-thematic-social-forum-on-mining-and-the-extractivist-economy\/\" title=\"ALBOAN at the Thematic Social Forum on Mining and the Extractivist Economy\">ALBOAN at the Thematic Social Forum on Mining and the Extractivist Economy<\/a><\/h4>\n\t\t<ul>\n\t\t<li><span class=\"sd-meta-color\">On: <\/span>10\/12\/2018<\/li>\n\t\t<li><span class=\"sd-meta-color\">By: <\/span>alboan<\/li>\n\t\t<\/ul>\n\t<p>The city of Johannesburg, South Africa, hosted over 300 activists from ...<\/p>\n\t\t\n<\/div>\t<\/div>\n\t\t\t\t <\/div>\n<\/div>\n","protected":false},"excerpt":{"rendered":"","protected":false},"author":1,"featured_media":0,"parent":0,"menu_order":0,"comment_status":"open","ping_status":"open","template":"full-width-page.php","meta":{"_exactmetrics_skip_tracking":false,"_exactmetrics_sitenote_active":false,"_exactmetrics_sitenote_note":"","_exactmetrics_sitenote_category":0,"footnotes":""},"class_list":["post-1303","page","type-page","status-publish","hentry"],"yoast_head":"<!-- This site is optimized with the Yoast SEO plugin v27.4 - https:\/\/yoast.com\/product\/yoast-seo-wordpress\/ -->\n<title>Home - Tecnolog\u00eda Libre de Conflicto - Alboan<\/title>\n<meta name=\"robots\" content=\"index, follow, max-snippet:-1, max-image-preview:large, max-video-preview:-1\" \/>\n<link rel=\"canonical\" href=\"https:\/\/www.tecnologialibredeconflicto.org\/en\/home\/\" \/>\n<meta property=\"og:locale\" content=\"en_US\" \/>\n<meta property=\"og:type\" content=\"article\" \/>\n<meta property=\"og:title\" content=\"Home - Tecnolog\u00eda Libre de Conflicto - Alboan\" \/>\n<meta property=\"og:url\" content=\"https:\/\/www.tecnologialibredeconflicto.org\/en\/home\/\" \/>\n<meta property=\"og:site_name\" content=\"Tecnolog\u00eda Libre de Conflicto - Alboan\" \/>\n<meta property=\"article:publisher\" content=\"http:\/\/facebook.com\/alboan\" \/>\n<meta property=\"article:modified_time\" content=\"2017-06-12T14:37:18+00:00\" \/>\n<meta property=\"og:image\" content=\"https:\/\/www.tecnologialibredeconflicto.org\/wp-content\/uploads\/2014\/02\/firma2.png\" \/>\n<meta name=\"twitter:card\" content=\"summary_large_image\" \/>\n<meta name=\"twitter:site\" content=\"@ALBOANongd\" \/>\n<meta name=\"twitter:label1\" content=\"Est. reading time\" \/>\n\t<meta name=\"twitter:data1\" content=\"1 minute\" \/>\n<script type=\"application\/ld+json\" class=\"yoast-schema-graph\">{\"@context\":\"https:\\\/\\\/schema.org\",\"@graph\":[{\"@type\":\"WebPage\",\"@id\":\"https:\\\/\\\/www.tecnologialibredeconflicto.org\\\/en\\\/home\\\/\",\"url\":\"https:\\\/\\\/www.tecnologialibredeconflicto.org\\\/en\\\/home\\\/\",\"name\":\"Home - Tecnolog\u00eda Libre de Conflicto - Alboan\",\"isPartOf\":{\"@id\":\"https:\\\/\\\/www.tecnologialibredeconflicto.org\\\/en\\\/#website\"},\"primaryImageOfPage\":{\"@id\":\"https:\\\/\\\/www.tecnologialibredeconflicto.org\\\/en\\\/home\\\/#primaryimage\"},\"image\":{\"@id\":\"https:\\\/\\\/www.tecnologialibredeconflicto.org\\\/en\\\/home\\\/#primaryimage\"},\"thumbnailUrl\":\"http:\\\/\\\/www.tecnologialibredeconflicto.org\\\/wp-content\\\/uploads\\\/2014\\\/02\\\/firma2.png\",\"datePublished\":\"2014-02-08T02:06:51+00:00\",\"dateModified\":\"2017-06-12T14:37:18+00:00\",\"breadcrumb\":{\"@id\":\"https:\\\/\\\/www.tecnologialibredeconflicto.org\\\/en\\\/home\\\/#breadcrumb\"},\"inLanguage\":\"en-US\",\"potentialAction\":[{\"@type\":\"ReadAction\",\"target\":[\"https:\\\/\\\/www.tecnologialibredeconflicto.org\\\/en\\\/home\\\/\"]}]},{\"@type\":\"ImageObject\",\"inLanguage\":\"en-US\",\"@id\":\"https:\\\/\\\/www.tecnologialibredeconflicto.org\\\/en\\\/home\\\/#primaryimage\",\"url\":\"http:\\\/\\\/www.tecnologialibredeconflicto.org\\\/wp-content\\\/uploads\\\/2014\\\/02\\\/firma2.png\",\"contentUrl\":\"http:\\\/\\\/www.tecnologialibredeconflicto.org\\\/wp-content\\\/uploads\\\/2014\\\/02\\\/firma2.png\"},{\"@type\":\"BreadcrumbList\",\"@id\":\"https:\\\/\\\/www.tecnologialibredeconflicto.org\\\/en\\\/home\\\/#breadcrumb\",\"itemListElement\":[{\"@type\":\"ListItem\",\"position\":1,\"name\":\"Portada\",\"item\":\"https:\\\/\\\/www.tecnologialibredeconflicto.org\\\/en\\\/\"},{\"@type\":\"ListItem\",\"position\":2,\"name\":\"Home\"}]},{\"@type\":\"WebSite\",\"@id\":\"https:\\\/\\\/www.tecnologialibredeconflicto.org\\\/en\\\/#website\",\"url\":\"https:\\\/\\\/www.tecnologialibredeconflicto.org\\\/en\\\/\",\"name\":\"Tecnolog\u00eda Libre de Conflicto - Alboan\",\"description\":\"Descubre la conexi\u00f3n entre tu m\u00f3vil y la guerra en el Congo.\",\"potentialAction\":[{\"@type\":\"SearchAction\",\"target\":{\"@type\":\"EntryPoint\",\"urlTemplate\":\"https:\\\/\\\/www.tecnologialibredeconflicto.org\\\/en\\\/?s={search_term_string}\"},\"query-input\":{\"@type\":\"PropertyValueSpecification\",\"valueRequired\":true,\"valueName\":\"search_term_string\"}}],\"inLanguage\":\"en-US\"}]}<\/script>\n<!-- \/ Yoast SEO plugin. -->","yoast_head_json":{"title":"Home - Tecnolog\u00eda Libre de Conflicto - Alboan","robots":{"index":"index","follow":"follow","max-snippet":"max-snippet:-1","max-image-preview":"max-image-preview:large","max-video-preview":"max-video-preview:-1"},"canonical":"https:\/\/www.tecnologialibredeconflicto.org\/en\/home\/","og_locale":"en_US","og_type":"article","og_title":"Home - Tecnolog\u00eda Libre de Conflicto - Alboan","og_url":"https:\/\/www.tecnologialibredeconflicto.org\/en\/home\/","og_site_name":"Tecnolog\u00eda Libre de Conflicto - Alboan","article_publisher":"http:\/\/facebook.com\/alboan","article_modified_time":"2017-06-12T14:37:18+00:00","og_image":[{"url":"https:\/\/www.tecnologialibredeconflicto.org\/wp-content\/uploads\/2014\/02\/firma2.png","type":"","width":"","height":""}],"twitter_card":"summary_large_image","twitter_site":"@ALBOANongd","twitter_misc":{"Est. reading time":"1 minute"},"schema":{"@context":"https:\/\/schema.org","@graph":[{"@type":"WebPage","@id":"https:\/\/www.tecnologialibredeconflicto.org\/en\/home\/","url":"https:\/\/www.tecnologialibredeconflicto.org\/en\/home\/","name":"Home - Tecnolog\u00eda Libre de Conflicto - Alboan","isPartOf":{"@id":"https:\/\/www.tecnologialibredeconflicto.org\/en\/#website"},"primaryImageOfPage":{"@id":"https:\/\/www.tecnologialibredeconflicto.org\/en\/home\/#primaryimage"},"image":{"@id":"https:\/\/www.tecnologialibredeconflicto.org\/en\/home\/#primaryimage"},"thumbnailUrl":"https:\/\/www.tecnologialibredeconflicto.org\/wp-content\/uploads\/2014\/02\/firma2.png","datePublished":"2014-02-08T02:06:51+00:00","dateModified":"2017-06-12T14:37:18+00:00","breadcrumb":{"@id":"https:\/\/www.tecnologialibredeconflicto.org\/en\/home\/#breadcrumb"},"inLanguage":"en-US","potentialAction":[{"@type":"ReadAction","target":["https:\/\/www.tecnologialibredeconflicto.org\/en\/home\/"]}]},{"@type":"ImageObject","inLanguage":"en-US","@id":"https:\/\/www.tecnologialibredeconflicto.org\/en\/home\/#primaryimage","url":"https:\/\/www.tecnologialibredeconflicto.org\/wp-content\/uploads\/2014\/02\/firma2.png","contentUrl":"https:\/\/www.tecnologialibredeconflicto.org\/wp-content\/uploads\/2014\/02\/firma2.png"},{"@type":"BreadcrumbList","@id":"https:\/\/www.tecnologialibredeconflicto.org\/en\/home\/#breadcrumb","itemListElement":[{"@type":"ListItem","position":1,"name":"Portada","item":"https:\/\/www.tecnologialibredeconflicto.org\/en\/"},{"@type":"ListItem","position":2,"name":"Home"}]},{"@type":"WebSite","@id":"https:\/\/www.tecnologialibredeconflicto.org\/en\/#website","url":"https:\/\/www.tecnologialibredeconflicto.org\/en\/","name":"Tecnolog\u00eda Libre de Conflicto - Alboan","description":"Descubre la conexi\u00f3n entre tu m\u00f3vil y la guerra en el Congo.","potentialAction":[{"@type":"SearchAction","target":{"@type":"EntryPoint","urlTemplate":"https:\/\/www.tecnologialibredeconflicto.org\/en\/?s={search_term_string}"},"query-input":{"@type":"PropertyValueSpecification","valueRequired":true,"valueName":"search_term_string"}}],"inLanguage":"en-US"}]}},"_links":{"self":[{"href":"https:\/\/www.tecnologialibredeconflicto.org\/en\/wp-json\/wp\/v2\/pages\/1303","targetHints":{"allow":["GET"]}}],"collection":[{"href":"https:\/\/www.tecnologialibredeconflicto.org\/en\/wp-json\/wp\/v2\/pages"}],"about":[{"href":"https:\/\/www.tecnologialibredeconflicto.org\/en\/wp-json\/wp\/v2\/types\/page"}],"author":[{"embeddable":true,"href":"https:\/\/www.tecnologialibredeconflicto.org\/en\/wp-json\/wp\/v2\/users\/1"}],"replies":[{"embeddable":true,"href":"https:\/\/www.tecnologialibredeconflicto.org\/en\/wp-json\/wp\/v2\/comments?post=1303"}],"version-history":[{"count":1,"href":"https:\/\/www.tecnologialibredeconflicto.org\/en\/wp-json\/wp\/v2\/pages\/1303\/revisions"}],"predecessor-version":[{"id":2961,"href":"https:\/\/www.tecnologialibredeconflicto.org\/en\/wp-json\/wp\/v2\/pages\/1303\/revisions\/2961"}],"wp:attachment":[{"href":"https:\/\/www.tecnologialibredeconflicto.org\/en\/wp-json\/wp\/v2\/media?parent=1303"}],"curies":[{"name":"wp","href":"https:\/\/api.w.org\/{rel}","templated":true}]}}