{"id":1315,"date":"2014-02-08T02:26:02","date_gmt":"2014-02-08T02:26:02","guid":{"rendered":"https:\/\/www.tecnologialibredeconflicto.org\/materiales-educativos-2\/"},"modified":"2018-07-10T11:37:08","modified_gmt":"2018-07-10T09:37:08","slug":"educational-material","status":"publish","type":"page","link":"https:\/\/www.tecnologialibredeconflicto.org\/en\/educational-material\/","title":{"rendered":"Educational materials"},"content":{"rendered":"","protected":false},"excerpt":{"rendered":"","protected":false},"author":1,"featured_media":0,"parent":0,"menu_order":0,"comment_status":"open","ping_status":"open","template":"category-97.php","meta":{"_exactmetrics_skip_tracking":false,"_exactmetrics_sitenote_active":false,"_exactmetrics_sitenote_note":"","_exactmetrics_sitenote_category":0,"footnotes":""},"class_list":["post-1315","page","type-page","status-publish","hentry"],"yoast_head":"<!-- This site is optimized with the Yoast SEO plugin v27.3 - https:\/\/yoast.com\/product\/yoast-seo-wordpress\/ -->\n<title>Educational materials - Tecnolog\u00eda Libre de Conflicto - Alboan<\/title>\n<meta name=\"robots\" content=\"index, follow, max-snippet:-1, max-image-preview:large, max-video-preview:-1\" \/>\n<link rel=\"canonical\" href=\"https:\/\/www.tecnologialibredeconflicto.org\/en\/educational-material\/\" \/>\n<meta property=\"og:locale\" content=\"en_US\" \/>\n<meta property=\"og:type\" content=\"article\" \/>\n<meta property=\"og:title\" content=\"Educational materials - Tecnolog\u00eda Libre de Conflicto - Alboan\" \/>\n<meta property=\"og:url\" content=\"https:\/\/www.tecnologialibredeconflicto.org\/en\/educational-material\/\" \/>\n<meta property=\"og:site_name\" content=\"Tecnolog\u00eda Libre de Conflicto - Alboan\" \/>\n<meta property=\"article:publisher\" content=\"http:\/\/facebook.com\/alboan\" \/>\n<meta property=\"article:modified_time\" content=\"2018-07-10T09:37:08+00:00\" \/>\n<meta name=\"twitter:card\" content=\"summary_large_image\" \/>\n<meta name=\"twitter:site\" content=\"@ALBOANongd\" \/>\n<script type=\"application\/ld+json\" class=\"yoast-schema-graph\">{\"@context\":\"https:\\\/\\\/schema.org\",\"@graph\":[{\"@type\":\"WebPage\",\"@id\":\"https:\\\/\\\/www.tecnologialibredeconflicto.org\\\/en\\\/educational-material\\\/\",\"url\":\"https:\\\/\\\/www.tecnologialibredeconflicto.org\\\/en\\\/educational-material\\\/\",\"name\":\"Educational materials - Tecnolog\u00eda Libre de Conflicto - Alboan\",\"isPartOf\":{\"@id\":\"https:\\\/\\\/www.tecnologialibredeconflicto.org\\\/en\\\/#website\"},\"datePublished\":\"2014-02-08T02:26:02+00:00\",\"dateModified\":\"2018-07-10T09:37:08+00:00\",\"breadcrumb\":{\"@id\":\"https:\\\/\\\/www.tecnologialibredeconflicto.org\\\/en\\\/educational-material\\\/#breadcrumb\"},\"inLanguage\":\"en-US\",\"potentialAction\":[{\"@type\":\"ReadAction\",\"target\":[\"https:\\\/\\\/www.tecnologialibredeconflicto.org\\\/en\\\/educational-material\\\/\"]}]},{\"@type\":\"BreadcrumbList\",\"@id\":\"https:\\\/\\\/www.tecnologialibredeconflicto.org\\\/en\\\/educational-material\\\/#breadcrumb\",\"itemListElement\":[{\"@type\":\"ListItem\",\"position\":1,\"name\":\"Portada\",\"item\":\"https:\\\/\\\/www.tecnologialibredeconflicto.org\\\/en\\\/\"},{\"@type\":\"ListItem\",\"position\":2,\"name\":\"Educational materials\"}]},{\"@type\":\"WebSite\",\"@id\":\"https:\\\/\\\/www.tecnologialibredeconflicto.org\\\/en\\\/#website\",\"url\":\"https:\\\/\\\/www.tecnologialibredeconflicto.org\\\/en\\\/\",\"name\":\"Tecnolog\u00eda Libre de Conflicto - Alboan\",\"description\":\"Descubre la conexi\u00f3n entre tu m\u00f3vil y la guerra en el Congo.\",\"potentialAction\":[{\"@type\":\"SearchAction\",\"target\":{\"@type\":\"EntryPoint\",\"urlTemplate\":\"https:\\\/\\\/www.tecnologialibredeconflicto.org\\\/en\\\/?s={search_term_string}\"},\"query-input\":{\"@type\":\"PropertyValueSpecification\",\"valueRequired\":true,\"valueName\":\"search_term_string\"}}],\"inLanguage\":\"en-US\"}]}<\/script>\n<!-- \/ Yoast SEO plugin. -->","yoast_head_json":{"title":"Educational materials - Tecnolog\u00eda Libre de Conflicto - Alboan","robots":{"index":"index","follow":"follow","max-snippet":"max-snippet:-1","max-image-preview":"max-image-preview:large","max-video-preview":"max-video-preview:-1"},"canonical":"https:\/\/www.tecnologialibredeconflicto.org\/en\/educational-material\/","og_locale":"en_US","og_type":"article","og_title":"Educational materials - Tecnolog\u00eda Libre de Conflicto - Alboan","og_url":"https:\/\/www.tecnologialibredeconflicto.org\/en\/educational-material\/","og_site_name":"Tecnolog\u00eda Libre de Conflicto - Alboan","article_publisher":"http:\/\/facebook.com\/alboan","article_modified_time":"2018-07-10T09:37:08+00:00","twitter_card":"summary_large_image","twitter_site":"@ALBOANongd","schema":{"@context":"https:\/\/schema.org","@graph":[{"@type":"WebPage","@id":"https:\/\/www.tecnologialibredeconflicto.org\/en\/educational-material\/","url":"https:\/\/www.tecnologialibredeconflicto.org\/en\/educational-material\/","name":"Educational materials - Tecnolog\u00eda Libre de Conflicto - Alboan","isPartOf":{"@id":"https:\/\/www.tecnologialibredeconflicto.org\/en\/#website"},"datePublished":"2014-02-08T02:26:02+00:00","dateModified":"2018-07-10T09:37:08+00:00","breadcrumb":{"@id":"https:\/\/www.tecnologialibredeconflicto.org\/en\/educational-material\/#breadcrumb"},"inLanguage":"en-US","potentialAction":[{"@type":"ReadAction","target":["https:\/\/www.tecnologialibredeconflicto.org\/en\/educational-material\/"]}]},{"@type":"BreadcrumbList","@id":"https:\/\/www.tecnologialibredeconflicto.org\/en\/educational-material\/#breadcrumb","itemListElement":[{"@type":"ListItem","position":1,"name":"Portada","item":"https:\/\/www.tecnologialibredeconflicto.org\/en\/"},{"@type":"ListItem","position":2,"name":"Educational materials"}]},{"@type":"WebSite","@id":"https:\/\/www.tecnologialibredeconflicto.org\/en\/#website","url":"https:\/\/www.tecnologialibredeconflicto.org\/en\/","name":"Tecnolog\u00eda Libre de Conflicto - Alboan","description":"Descubre la conexi\u00f3n entre tu m\u00f3vil y la guerra en el Congo.","potentialAction":[{"@type":"SearchAction","target":{"@type":"EntryPoint","urlTemplate":"https:\/\/www.tecnologialibredeconflicto.org\/en\/?s={search_term_string}"},"query-input":{"@type":"PropertyValueSpecification","valueRequired":true,"valueName":"search_term_string"}}],"inLanguage":"en-US"}]}},"_links":{"self":[{"href":"https:\/\/www.tecnologialibredeconflicto.org\/en\/wp-json\/wp\/v2\/pages\/1315","targetHints":{"allow":["GET"]}}],"collection":[{"href":"https:\/\/www.tecnologialibredeconflicto.org\/en\/wp-json\/wp\/v2\/pages"}],"about":[{"href":"https:\/\/www.tecnologialibredeconflicto.org\/en\/wp-json\/wp\/v2\/types\/page"}],"author":[{"embeddable":true,"href":"https:\/\/www.tecnologialibredeconflicto.org\/en\/wp-json\/wp\/v2\/users\/1"}],"replies":[{"embeddable":true,"href":"https:\/\/www.tecnologialibredeconflicto.org\/en\/wp-json\/wp\/v2\/comments?post=1315"}],"version-history":[{"count":1,"href":"https:\/\/www.tecnologialibredeconflicto.org\/en\/wp-json\/wp\/v2\/pages\/1315\/revisions"}],"predecessor-version":[{"id":3551,"href":"https:\/\/www.tecnologialibredeconflicto.org\/en\/wp-json\/wp\/v2\/pages\/1315\/revisions\/3551"}],"wp:attachment":[{"href":"https:\/\/www.tecnologialibredeconflicto.org\/en\/wp-json\/wp\/v2\/media?parent=1315"}],"curies":[{"name":"wp","href":"https:\/\/api.w.org\/{rel}","templated":true}]}}