{"id":1321,"date":"2014-06-23T13:57:26","date_gmt":"2014-06-23T12:57:26","guid":{"rendered":"https:\/\/www.tecnologialibredeconflicto.org\/que-puedo-hacer-yo-2\/"},"modified":"2016-04-29T14:02:14","modified_gmt":"2016-04-29T12:02:14","slug":"what-can-i-do","status":"publish","type":"page","link":"https:\/\/www.tecnologialibredeconflicto.org\/en\/what-can-i-do\/","title":{"rendered":"What can I do?"},"content":{"rendered":"<div class=\"container\"> What can I do? <a href=\"#anchor-firma\">Sign<\/a>\u00a0| <a href=\"#anchor-campa\u00f1a\">Publicise the campaign<\/a>\u00a0| <a href=\"#anchor-formate\">Learn more<\/a><\/p>\n<h2 id=\"anchor-firma\" class=\"sd-styled-title\">1- Sign<\/h2>\n<div style=\"padding-bottom: 20px; margin-top: 0px;\" class=\"space-divider\"><\/div> <div class=\"two-third \"> <img loading=\"lazy\" decoding=\"async\" class=\"m-bottom-2 bg-orange alignright wp-image-799 size-full\" src=\"https:\/\/www.tecnologialibredeconflicto.org\/wp-content\/uploads\/2014\/02\/firma2.png\" alt=\"firma2\" width=\"133\" height=\"133\" \/>We, European Civil Society organisations, declare that the European directive\u00a0 on the responsible sourcing of minerals from conflict-affected and\u00a0 high risk areas needs to be amended.\u00a0\u00a0 Why?\u00a0 Because the regulations proposed by the directive are voluntary.\u00a0 European companies importing these minerals are not required to investigate whether they are fuelling conflict and, as a consequence, the regulations are unlikely to be effective. In the coming months, <strong>we in ALBOAN<\/strong>, will be collecting signatures for a petition which we will present to our representatives in the European parliament.<\/p>\n<blockquote><p>We want a <strong>European directive<\/strong> that will effectively prevent the international minerals trade from fuelling armed conflicts.<\/p><\/blockquote>\n<p>Many people\u2019s lives are at stake. Send us your email address so that we can keep you up to date with all our campaign actions, like this petition.<\/p>\n<a style=\"background-color: #f6862b; color: #ffffff; border-radius: 1px;\"  class=\"sd-button large  aligncenter sd-button-margin\" href=\"https:\/\/www.tecnologialibredeconflicto.org\/en\/firma\/\" > Sign<\/a>\n<p>If you want to know more about the regulation proposal or make an advocacy action in your own country, here you have an advocacy toolkit that may help you in this issue.<\/p>\n<ul>\n<li><a href=\"https:\/\/www.tecnologialibredeconflicto.org\/wp-content\/uploads\/2014\/06\/BreakingtheLinks_ENG_1.pdf\">Bre<\/a><a href=\"https:\/\/www.tecnologialibredeconflicto.org\/wp-content\/uploads\/2014\/06\/BreakingtheLinks_ENG_1.pdf\" target=\"_blank\">aking the Links between natural resources and conflict: The case for EU<\/a><\/li>\n<li><a href=\"https:\/\/www.tecnologialibredeconflicto.org\/wp-content\/uploads\/2014\/06\/EN_Church_leaders_statement_EU_conflict_minerals_regulation.pdf\" target=\"_blank\">Church leaders statement for EU conflict minerals regulation<\/a><\/li>\n<li><a href=\"https:\/\/www.tecnologialibredeconflicto.org\/wp-content\/uploads\/2014\/06\/eurac-position-lessons-drc-conflit-minerals-final.pdf\" target=\"_blank\">Eurac position lessons: What lessons can be learned from the Democratic Republic of Congo?<\/a><\/li>\n<li><a href=\"https:\/\/www.tecnologialibredeconflicto.org\/wp-content\/uploads\/2014\/06\/NGO-Coalition-briefing-Responsible-Mineral-Sourcing-July-2014-ENG.pdf\" target=\"_blank\">NGO Coalition briefing &#8211; Responsible Mineral Sourcing (July 2014)<\/a><\/li>\n<li><a href=\"https:\/\/www.tecnologialibredeconflicto.org\/wp-content\/uploads\/2014\/06\/toolkit-advocacy-proposal-Xavier-Net.pdf\" target=\"_blank\">TOWARDS A CONFLICT FREE TECHNOLOGI: advocacy proposal Xavier Network<\/a><\/li>\n<li><a href=\"https:\/\/www.tecnologialibredeconflicto.org\/wp-content\/uploads\/2014\/06\/Justice_et_Paix-Depliant_Minerais_des_conflits_UK_final.pdf\" target=\"_blank\">What should be done about CONFLICT MINERALS?<\/a><\/li>\n<\/ul>\n<p>This toolkit was elaborated in collaboration with JESC and JM<\/p>\n<p>&nbsp;<\/p>\n<div id=\"mc_embed_signup\" class=\"firma-form\">\n<form id=\"mc-embedded-subscribe-form\" class=\"validate\" action=\"http:\/\/alboan.us5.list-manage1.com\/subscribe\/post?u=ff61004630615a7b82341c345&amp;id=b6a4296387\" method=\"post\" name=\"mc-embedded-subscribe-form\" novalidate=\"\" target=\"_blank\">\n<div style=\"position: absolute; left: -5000px;\"><input tabindex=\"-1\" name=\"b_ff61004630615a7b82341c345_b6a4296387\" type=\"text\" value=\"\" \/><\/div>\n<\/form>\n<\/div>\n<\/div> <div class=\"one-third last \"> <img loading=\"lazy\" decoding=\"async\" class=\"alignright size-full wp-image-1219\" src=\"https:\/\/www.tecnologialibredeconflicto.org\/wp-content\/uploads\/2014\/07\/firma1.jpg\" alt=\"firma1\" width=\"720\" height=\"570\" srcset=\"https:\/\/www.tecnologialibredeconflicto.org\/wp-content\/uploads\/2014\/07\/firma1.jpg 720w, https:\/\/www.tecnologialibredeconflicto.org\/wp-content\/uploads\/2014\/07\/firma1-300x237.jpg 300w\" sizes=\"auto, (max-width: 720px) 100vw, 720px\" \/><\/div><div class=\"clearfix\"><\/div> <div style=\"padding-bottom: 20pxpx; margin-top: 30px;\" class=\"line-divider\"><\/div> <span id=\"anchor-campa\u00f1a\"><\/span><\/p>\n<p>&nbsp;<\/p>\n<h2 class=\"sd-styled-title\">2-\u00a0Publicise the campaign<\/h2>\n<div style=\"padding-bottom: 20px; margin-top: 0px;\" class=\"space-divider\"><\/div> <div class=\"two-third \"> <img loading=\"lazy\" decoding=\"async\" class=\"m-bottom-2 bg-orange alignright wp-image-804 size-full\" src=\"https:\/\/www.tecnologialibredeconflicto.org\/wp-content\/uploads\/2014\/02\/compartir2.png\" alt=\"compartir2\" width=\"133\" height=\"133\" \/> We need to involve as many people as possible in our campaign.<\/p>\n<blockquote><p>The more people there are, the louder our voice will be, and the more likely our political representatives and companies will be to take notice of what we are saying. Help us to spread our campaign as widely as possible.<\/p><\/blockquote>\n<ul>\n<li><a href=\"https:\/\/www.facebook.com\/sharer\/sharer.php?u=https:\/\/www.tecnologialibredeconflicto.org\" target=\"_blank\"><img loading=\"lazy\" decoding=\"async\" class=\"alignnone wp-image-1204 size-full\" src=\"https:\/\/www.tecnologialibredeconflicto.org\/wp-content\/uploads\/2014\/06\/facebook.png\" rel=\"PrettyPhoto&#091;1321&#093;\" alt=\"facebook\" width=\"78\" height=\"20\" \/><\/a> on facebook.<\/li>\n<\/ul>\n<ul>\n<li><a href=\"https:\/\/twitter.com\/home?status=www.tecnologialibredeconflicto.org%20%23Tecnolog%C3%ADaLibreDeConflicto\" target=\"_blank\"><img loading=\"lazy\" decoding=\"async\" class=\"alignnone size-full wp-image-1203\" src=\"https:\/\/www.tecnologialibredeconflicto.org\/wp-content\/uploads\/2014\/06\/twitter.png\" rel=\"PrettyPhoto&#091;1321&#093;\" alt=\"twitter\" width=\"55\" height=\"20\" \/><\/a> on twitter.<\/li>\n<\/ul>\n<ul>\n<li><a href=\"https:\/\/plus.google.com\/share?url=www.tecnologialibredeconflicto.org\" target=\"_blank\"><img loading=\"lazy\" decoding=\"async\" class=\"alignnone size-full wp-image-1205\" src=\"https:\/\/www.tecnologialibredeconflicto.org\/wp-content\/uploads\/2014\/06\/google_plus.png\" rel=\"PrettyPhoto&#091;1321&#093;\" alt=\"google_plus\" width=\"75\" height=\"20\" \/><\/a> on google plus.<\/li>\n<\/ul>\n<ul>\n<li><a href=\"https:\/\/www.linkedin.com\" target=\"_blank\"><img loading=\"lazy\" decoding=\"async\" class=\"alignnone size-full wp-image-1202\" src=\"https:\/\/www.tecnologialibredeconflicto.org\/wp-content\/uploads\/2014\/06\/linkedin.png\" rel=\"PrettyPhoto&#091;1321&#093;\" alt=\"linkedin\" width=\"81\" height=\"20\" \/><\/a> on linkedin.<\/li>\n<\/ul>\n<\/div> <div class=\"one-third last \"> <img loading=\"lazy\" decoding=\"async\" class=\"alignright size-full wp-image-1221\" src=\"https:\/\/www.tecnologialibredeconflicto.org\/wp-content\/uploads\/2014\/07\/difunde1.jpg\" alt=\"difunde1\" width=\"720\" height=\"570\" srcset=\"https:\/\/www.tecnologialibredeconflicto.org\/wp-content\/uploads\/2014\/07\/difunde1.jpg 720w, https:\/\/www.tecnologialibredeconflicto.org\/wp-content\/uploads\/2014\/07\/difunde1-300x237.jpg 300w\" sizes=\"auto, (max-width: 720px) 100vw, 720px\" \/><\/div><div class=\"clearfix\"><\/div> <div style=\"padding-bottom: 20pxpx; margin-top: 30px;\" class=\"line-divider\"><\/div> <span id=\"anchor-formate\"><\/span><\/p>\n<h2 class=\"sd-styled-title\">3- Learn more<\/h2>\n<div style=\"padding-bottom: 20px; margin-top: 0px;\" class=\"space-divider\"><\/div> <div class=\"two-third \"> <img loading=\"lazy\" decoding=\"async\" class=\"m-bottom-2 bg-orange alignright wp-image-806 size-full\" src=\"https:\/\/www.tecnologialibredeconflicto.org\/wp-content\/uploads\/2014\/02\/formate.png\" alt=\"formate\" width=\"133\" height=\"133\" \/><\/p>\n<p>To generate a great citizen mobilization need to be sensitizing agents that are multipliers of the campaign. To do this from <a href=\"https:\/\/www.tecnologialibredeconflicto.org\/en\/quiero-saber-mas\/\">ALBOAN promote training courses and workshops , as well as lesson plans that can be used in the classroom and volunteer groups .<\/a><\/p>\n<blockquote>\n<p id=\"tw-target-text\" class=\"tw-data-text vk_txt tw-ta tw-text-small\" dir=\"ltr\" data-placeholder=\"Traducci\u00f3n\">To keep abreast of training offers that are at your fingertips, leave us your email and we will contact you .<\/p>\n<\/blockquote>\n<\/div> <div class=\"one-third last \"> <img loading=\"lazy\" decoding=\"async\" class=\"alignright size-full wp-image-1222\" src=\"https:\/\/www.tecnologialibredeconflicto.org\/wp-content\/uploads\/2014\/07\/formate1.jpg\" alt=\"formate1\" width=\"720\" height=\"569\" srcset=\"https:\/\/www.tecnologialibredeconflicto.org\/wp-content\/uploads\/2014\/07\/formate1.jpg 720w, https:\/\/www.tecnologialibredeconflicto.org\/wp-content\/uploads\/2014\/07\/formate1-300x237.jpg 300w\" sizes=\"auto, (max-width: 720px) 100vw, 720px\" \/><\/div><div class=\"clearfix\"><\/div> <\/div>\n","protected":false},"excerpt":{"rendered":"","protected":false},"author":1,"featured_media":0,"parent":0,"menu_order":0,"comment_status":"closed","ping_status":"open","template":"full-width-page.php","meta":{"_exactmetrics_skip_tracking":false,"_exactmetrics_sitenote_active":false,"_exactmetrics_sitenote_note":"","_exactmetrics_sitenote_category":0,"footnotes":""},"class_list":["post-1321","page","type-page","status-publish","hentry"],"yoast_head":"<!-- This site is optimized with the Yoast SEO plugin v27.4 - https:\/\/yoast.com\/product\/yoast-seo-wordpress\/ -->\n<title>What can I do? - Tecnolog\u00eda Libre de Conflicto - Alboan<\/title>\n<meta name=\"robots\" content=\"index, follow, max-snippet:-1, max-image-preview:large, max-video-preview:-1\" \/>\n<link rel=\"canonical\" href=\"https:\/\/www.tecnologialibredeconflicto.org\/en\/what-can-i-do\/\" \/>\n<meta property=\"og:locale\" content=\"en_US\" \/>\n<meta property=\"og:type\" content=\"article\" \/>\n<meta property=\"og:title\" content=\"What can I do? - Tecnolog\u00eda Libre de Conflicto - Alboan\" \/>\n<meta property=\"og:url\" content=\"https:\/\/www.tecnologialibredeconflicto.org\/en\/what-can-i-do\/\" \/>\n<meta property=\"og:site_name\" content=\"Tecnolog\u00eda Libre de Conflicto - Alboan\" \/>\n<meta property=\"article:publisher\" content=\"http:\/\/facebook.com\/alboan\" \/>\n<meta property=\"article:modified_time\" content=\"2016-04-29T12:02:14+00:00\" \/>\n<meta property=\"og:image\" content=\"https:\/\/www.tecnologialibredeconflicto.org\/wp-content\/uploads\/2014\/02\/firma2.png\" \/>\n<meta name=\"twitter:card\" content=\"summary_large_image\" \/>\n<meta name=\"twitter:site\" content=\"@ALBOANongd\" \/>\n<meta name=\"twitter:label1\" content=\"Est. reading time\" \/>\n\t<meta name=\"twitter:data1\" content=\"2 minutes\" \/>\n<script type=\"application\/ld+json\" class=\"yoast-schema-graph\">{\"@context\":\"https:\\\/\\\/schema.org\",\"@graph\":[{\"@type\":\"WebPage\",\"@id\":\"https:\\\/\\\/www.tecnologialibredeconflicto.org\\\/en\\\/what-can-i-do\\\/\",\"url\":\"https:\\\/\\\/www.tecnologialibredeconflicto.org\\\/en\\\/what-can-i-do\\\/\",\"name\":\"What can I do? - Tecnolog\u00eda Libre de Conflicto - Alboan\",\"isPartOf\":{\"@id\":\"https:\\\/\\\/www.tecnologialibredeconflicto.org\\\/en\\\/#website\"},\"primaryImageOfPage\":{\"@id\":\"https:\\\/\\\/www.tecnologialibredeconflicto.org\\\/en\\\/what-can-i-do\\\/#primaryimage\"},\"image\":{\"@id\":\"https:\\\/\\\/www.tecnologialibredeconflicto.org\\\/en\\\/what-can-i-do\\\/#primaryimage\"},\"thumbnailUrl\":\"http:\\\/\\\/www.tecnologialibredeconflicto.org\\\/wp-content\\\/uploads\\\/2014\\\/02\\\/firma2.png\",\"datePublished\":\"2014-06-23T12:57:26+00:00\",\"dateModified\":\"2016-04-29T12:02:14+00:00\",\"breadcrumb\":{\"@id\":\"https:\\\/\\\/www.tecnologialibredeconflicto.org\\\/en\\\/what-can-i-do\\\/#breadcrumb\"},\"inLanguage\":\"en-US\",\"potentialAction\":[{\"@type\":\"ReadAction\",\"target\":[\"https:\\\/\\\/www.tecnologialibredeconflicto.org\\\/en\\\/what-can-i-do\\\/\"]}]},{\"@type\":\"ImageObject\",\"inLanguage\":\"en-US\",\"@id\":\"https:\\\/\\\/www.tecnologialibredeconflicto.org\\\/en\\\/what-can-i-do\\\/#primaryimage\",\"url\":\"http:\\\/\\\/www.tecnologialibredeconflicto.org\\\/wp-content\\\/uploads\\\/2014\\\/02\\\/firma2.png\",\"contentUrl\":\"http:\\\/\\\/www.tecnologialibredeconflicto.org\\\/wp-content\\\/uploads\\\/2014\\\/02\\\/firma2.png\"},{\"@type\":\"BreadcrumbList\",\"@id\":\"https:\\\/\\\/www.tecnologialibredeconflicto.org\\\/en\\\/what-can-i-do\\\/#breadcrumb\",\"itemListElement\":[{\"@type\":\"ListItem\",\"position\":1,\"name\":\"Portada\",\"item\":\"https:\\\/\\\/www.tecnologialibredeconflicto.org\\\/en\\\/\"},{\"@type\":\"ListItem\",\"position\":2,\"name\":\"What can I do?\"}]},{\"@type\":\"WebSite\",\"@id\":\"https:\\\/\\\/www.tecnologialibredeconflicto.org\\\/en\\\/#website\",\"url\":\"https:\\\/\\\/www.tecnologialibredeconflicto.org\\\/en\\\/\",\"name\":\"Tecnolog\u00eda Libre de Conflicto - Alboan\",\"description\":\"Descubre la conexi\u00f3n entre tu m\u00f3vil y la guerra en el Congo.\",\"potentialAction\":[{\"@type\":\"SearchAction\",\"target\":{\"@type\":\"EntryPoint\",\"urlTemplate\":\"https:\\\/\\\/www.tecnologialibredeconflicto.org\\\/en\\\/?s={search_term_string}\"},\"query-input\":{\"@type\":\"PropertyValueSpecification\",\"valueRequired\":true,\"valueName\":\"search_term_string\"}}],\"inLanguage\":\"en-US\"}]}<\/script>\n<!-- \/ Yoast SEO plugin. -->","yoast_head_json":{"title":"What can I do? - Tecnolog\u00eda Libre de Conflicto - Alboan","robots":{"index":"index","follow":"follow","max-snippet":"max-snippet:-1","max-image-preview":"max-image-preview:large","max-video-preview":"max-video-preview:-1"},"canonical":"https:\/\/www.tecnologialibredeconflicto.org\/en\/what-can-i-do\/","og_locale":"en_US","og_type":"article","og_title":"What can I do? - Tecnolog\u00eda Libre de Conflicto - Alboan","og_url":"https:\/\/www.tecnologialibredeconflicto.org\/en\/what-can-i-do\/","og_site_name":"Tecnolog\u00eda Libre de Conflicto - Alboan","article_publisher":"http:\/\/facebook.com\/alboan","article_modified_time":"2016-04-29T12:02:14+00:00","og_image":[{"url":"https:\/\/www.tecnologialibredeconflicto.org\/wp-content\/uploads\/2014\/02\/firma2.png","type":"","width":"","height":""}],"twitter_card":"summary_large_image","twitter_site":"@ALBOANongd","twitter_misc":{"Est. reading time":"2 minutes"},"schema":{"@context":"https:\/\/schema.org","@graph":[{"@type":"WebPage","@id":"https:\/\/www.tecnologialibredeconflicto.org\/en\/what-can-i-do\/","url":"https:\/\/www.tecnologialibredeconflicto.org\/en\/what-can-i-do\/","name":"What can I do? - Tecnolog\u00eda Libre de Conflicto - Alboan","isPartOf":{"@id":"https:\/\/www.tecnologialibredeconflicto.org\/en\/#website"},"primaryImageOfPage":{"@id":"https:\/\/www.tecnologialibredeconflicto.org\/en\/what-can-i-do\/#primaryimage"},"image":{"@id":"https:\/\/www.tecnologialibredeconflicto.org\/en\/what-can-i-do\/#primaryimage"},"thumbnailUrl":"https:\/\/www.tecnologialibredeconflicto.org\/wp-content\/uploads\/2014\/02\/firma2.png","datePublished":"2014-06-23T12:57:26+00:00","dateModified":"2016-04-29T12:02:14+00:00","breadcrumb":{"@id":"https:\/\/www.tecnologialibredeconflicto.org\/en\/what-can-i-do\/#breadcrumb"},"inLanguage":"en-US","potentialAction":[{"@type":"ReadAction","target":["https:\/\/www.tecnologialibredeconflicto.org\/en\/what-can-i-do\/"]}]},{"@type":"ImageObject","inLanguage":"en-US","@id":"https:\/\/www.tecnologialibredeconflicto.org\/en\/what-can-i-do\/#primaryimage","url":"https:\/\/www.tecnologialibredeconflicto.org\/wp-content\/uploads\/2014\/02\/firma2.png","contentUrl":"https:\/\/www.tecnologialibredeconflicto.org\/wp-content\/uploads\/2014\/02\/firma2.png"},{"@type":"BreadcrumbList","@id":"https:\/\/www.tecnologialibredeconflicto.org\/en\/what-can-i-do\/#breadcrumb","itemListElement":[{"@type":"ListItem","position":1,"name":"Portada","item":"https:\/\/www.tecnologialibredeconflicto.org\/en\/"},{"@type":"ListItem","position":2,"name":"What can I do?"}]},{"@type":"WebSite","@id":"https:\/\/www.tecnologialibredeconflicto.org\/en\/#website","url":"https:\/\/www.tecnologialibredeconflicto.org\/en\/","name":"Tecnolog\u00eda Libre de Conflicto - Alboan","description":"Descubre la conexi\u00f3n entre tu m\u00f3vil y la guerra en el Congo.","potentialAction":[{"@type":"SearchAction","target":{"@type":"EntryPoint","urlTemplate":"https:\/\/www.tecnologialibredeconflicto.org\/en\/?s={search_term_string}"},"query-input":{"@type":"PropertyValueSpecification","valueRequired":true,"valueName":"search_term_string"}}],"inLanguage":"en-US"}]}},"_links":{"self":[{"href":"https:\/\/www.tecnologialibredeconflicto.org\/en\/wp-json\/wp\/v2\/pages\/1321","targetHints":{"allow":["GET"]}}],"collection":[{"href":"https:\/\/www.tecnologialibredeconflicto.org\/en\/wp-json\/wp\/v2\/pages"}],"about":[{"href":"https:\/\/www.tecnologialibredeconflicto.org\/en\/wp-json\/wp\/v2\/types\/page"}],"author":[{"embeddable":true,"href":"https:\/\/www.tecnologialibredeconflicto.org\/en\/wp-json\/wp\/v2\/users\/1"}],"replies":[{"embeddable":true,"href":"https:\/\/www.tecnologialibredeconflicto.org\/en\/wp-json\/wp\/v2\/comments?post=1321"}],"version-history":[{"count":0,"href":"https:\/\/www.tecnologialibredeconflicto.org\/en\/wp-json\/wp\/v2\/pages\/1321\/revisions"}],"wp:attachment":[{"href":"https:\/\/www.tecnologialibredeconflicto.org\/en\/wp-json\/wp\/v2\/media?parent=1321"}],"curies":[{"name":"wp","href":"https:\/\/api.w.org\/{rel}","templated":true}]}}