{"id":1324,"date":"2014-02-08T21:22:30","date_gmt":"2014-02-08T21:22:30","guid":{"rendered":"https:\/\/www.tecnologialibredeconflicto.org\/quiero-saber-mas-2\/"},"modified":"2018-07-12T14:13:06","modified_gmt":"2018-07-12T12:13:06","slug":"quiero-saber-mas","status":"publish","type":"page","link":"https:\/\/www.tecnologialibredeconflicto.org\/en\/quiero-saber-mas\/","title":{"rendered":"I want to know even more"},"content":{"rendered":"<div class=\"container\">\n<h2>1.\u00a0<strong>The true price of a mobile phone<\/strong><\/h2>\n<h3>Mobile phones have social and environmental costs which are not reflected in the price that\u00a0 you pay when you buy one.<\/h3>\n<p>A standard mobile contains between 500 and 1,000 different components. The extraction and processing of the minerals that are the raw materials for these components produce some 75 kg of waste materials per phone.Some of these elements are \u00a0<b data-tooltip=\"Like in english we meet like 4 Ts.\">expensive and scarce resources<\/b>, and they are relationates with societal abuses and environmental.<\/p>\n<blockquote><p>For example, there is one gram of tungsten in every tonne of rock.In other words, there is very nearly a tonne of waste for every gram of tungsten that is eventually used in an electronic device.\u00a0 Both the mining of these rare and expensive minerals and the waste produced as they are refined can have severe negative impacts on the environment.<\/p><\/blockquote>\n<p>In Europe, around 40 per cent of existing mobiles are renewed every year \u2013 that is around 18 million mobiles in Spain alone.\u00a0 Apart from the battery, most mobiles have a useful life\u00a0 of about 10 years, but on average they are used for\u00a0 between 18 and 30 months before they are replaced.<\/p>\n<p>This rapid pace of renewal has different causes:\u00a0 advertising, fashion and\u00a0 the constant introduction of new features all play a role. The high price of repairs and replacement\u00a0 components and\u00a0 the difficulty of reprogramming mobiles to incorporate new features also speed up\u00a0 the replacement rate.\u00a0 Lengthening the useful lives of mobiles, therefore, will reduce the demand for the minerals needed to build them and can help reduce the negative impacts of mineral extraction in DRC.<\/p>\n<p>But there is a third problem: the volume and toxicity of electronic waste.<\/p>\n<p>In Europe, for example, it has been calculated that\u00a0 we produce\u00a0 some 14 kg of electronic waste per person per year.\u00a0 Despite being prohibited by the Basel Convention, much of this waste is exported to Africa described falsely as\u00a0 second hand products which end up in huge tips of technological rubbish. These tips, with their toxic contents leaking into the environment,\u00a0 have serious consequences for the health of people who live nearby.<\/p>\n<div style=\"padding-bottom: 24px; margin-top: 12px;\" class=\"line-divider\"><\/div>\n<h2>2.\u00a0<strong>Accompanying and defending the rights of displaced people and refugees in the Congo.<\/strong><\/h2>\n<h3>The ALBOAN and the Jesuit Refugee Service projects<\/h3>\n<p>Eastern DRC is experiencing a humanitarian, social, political and economic crisis, with armed rebel groups and the Congolese army fighting each other for control over the region\u2019s natural and mineral resources. \u00a0In constant danger, the people of the province of North Kivu, the northern part of eastern DRC, have no choice but to move away to escape the violence.<\/p>\n<blockquote><p>In September 2013, it was estimated that across the whole of DRC over 2 million people had abandoned their homes. \u00a0Many\u00a0 survive in makeshift settlements, with no access to humanitarian aid because they are not officially recognised by United Nations agencies.<\/p><\/blockquote>\n<p>These displaced people\u00a0 are malnourished, have no income and do not have access to education or health care. They suffer psychological trauma caused by multiple displacements and violence and the sheer difficulty of surviving from day to day. <div class=\"one-half \">\n<h3>Displaced women<\/h3>\n<div class='video-embed '><iframe src='http:\/\/www.youtube.com\/embed\/FvKLhxzmZig?list=UUYkLlZgVn1LiZZVrS-jH9zQ?HD=1;rel=0;showinfo=0&amp;autoplay=' class='iframe'><\/iframe><\/div>\n<\/div>\n<div class=\"one-half last \">\n<h3>Education of young and adolescent<\/h3>\n<div class='video-embed '><iframe src='http:\/\/www.youtube.com\/embed\/n8fHYjrjMOY?list=UUYkLlZgVn1LiZZVrS-jH9zQ?HD=1;rel=0;showinfo=0&amp;autoplay=' class='iframe'><\/iframe><\/div>\n<\/div><div class=\"clearfix\"><\/div>\n<p>ALBOAN, JESC and Jesuit Missions, social organisations of\u00a0 the Society of Jesus in Europe, all support the work of the Jesuit Refugee Service (JRS) in Goma, the capital of North Kivu, <strong>assisting\u00a0 156,000 people living in seven camps.\u00a0<\/strong><\/p>\n<p>JRS offers a range of services, <strong>providing aid\u00a0 in the form of food and emergency materials<\/strong> such as blankets and tarpaulins to build huts; running education projects; training teachers; building and equipping secondary schools;\u00a0 and working with parents to help them see the importance of education and make sure that that their younger children attend school.\u00a0 JRS runs literacy projects and provides training in trades for adults in the camps and distributes tools so that they can find work and in time assure themselves a stable source of income.\u00a0 JRS also <strong>provides psycho-social<\/strong> support for people traumatised by\u00a0 displacement and violence.\u00a0 The <strong>psychological care given to women who have been raped<\/strong> is particularly important<\/p>\n<p>Por \u00faltimo el <strong>JRS promociona entre la poblaci\u00f3n de los campamentos la alfabetizaci\u00f3n, el aprendizaje de oficios y la distribuci\u00f3n de herramientas de trabajo,<\/strong> con la finalidad de que les ayude a encontrar\u00a0 un empleo y garantizar una fuente de ingresos estable en el tiempo.<\/p>\n<div style=\"padding-bottom: 24px; margin-top: 12px;\" class=\"line-divider\"><\/div>\n<h2>3. Resource<\/h2>\n<h3>Related documents<\/h3>\n<a style=\"background-color: #f6862b; color: #ffffff; border-radius: 1px;\" target=\"_blank\" class=\"sd-button large  alignnone sd-button-margin\" href=\"https:\/\/www.tecnologialibredeconflicto.org\/wp-content\/uploads\/2014\/12\/Breaking-the-Links.pdf\" > Breaking ties<\/a>\n<a style=\"background-color: #f6862b; color: #ffffff; border-radius: 1px;\" target=\"_blank\" class=\"sd-button large  alignnone sd-button-margin\" href=\"https:\/\/www.tecnologialibredeconflicto.org\/wp-content\/uploads\/2014\/12\/Le_secteur_minier_artisanal_a_l_Est_de_la_RDC.pdf\" > The mining sector in DR Congo<\/a>\n<a style=\"background-color: #f6862b; color: #ffffff; border-radius: 1px;\" target=\"_blank\" class=\"sd-button large  alignnone sd-button-margin\" href=\"https:\/\/www.tecnologialibredeconflicto.org\/wp-content\/uploads\/2014\/12\/Interrupting-the-Silence.pdf\" > Interrupting the Silence<\/a>\n<a style=\"background-color: #f6862b; color: #ffffff; border-radius: 1px;\" target=\"_blank\" class=\"sd-button large  alignnone sd-button-margin\" href=\"https:\/\/www.tecnologialibredeconflicto.org\/wp-content\/uploads\/2014\/12\/Congos-Conflict-Minerals.pdf\" > Conflict Minerals in the Congo<\/a>\n<div style=\"padding-bottom: 10px; margin-top: 30px;\" class=\"space-divider\"><\/div>\n<h3>Documentals<\/h3>\n<div class=\"one-half \">\n<h3>Mineralss in\u00a0Conflict &#8211; Enough<\/h3>\n<div class='video-embed '><iframe src='http:\/\/www.youtube.com\/embed\/XjSqyXwovD8?HD=1;rel=0;showinfo=0&amp;autoplay=' class='iframe'><\/iframe><\/div>\n<\/div>\n<div class=\"one-half last \">\n<h3>The\u00a0mines of\u00a0Rey Leopoldo<\/h3>\n<div class='video-embed '><iframe src='http:\/\/www.youtube.com\/embed\/1IgIr335esI?HD=1;rel=0;showinfo=0&amp;autoplay=' class='iframe'><\/iframe><\/div>\n<\/div><div class=\"clearfix\"><\/div>\n<\/div>\n<div class=\"container\">\n<h3>&#8220;I am Congo&#8221; documental<\/h3>\n<div class=\"one-half \">\n<h3>Presentation<\/h3>\n<div class='video-embed '><iframe src='http:\/\/www.youtube.com\/embed\/6jBNM37CGEM?HD=1;rel=0;showinfo=0&amp;autoplay=' class='iframe'><\/iframe><\/div>\n<\/div>\n<div class=\"one-half last \">\n<h3>Human rights lawyer<\/h3>\n<div class='video-embed '><iframe src='http:\/\/www.youtube.com\/embed\/ZYhebo94WFM?HD=1;rel=0;showinfo=0&amp;autoplay=' class='iframe'><\/iframe><\/div>\n<\/div><div class=\"clearfix\"><\/div>\n<div class=\"one-half \">\n<h3>The artist<\/h3>\n<div class='video-embed '><iframe src='http:\/\/www.youtube.com\/embed\/RO7L8q1scOY?HD=1;rel=0;showinfo=0&amp;autoplay=' class='iframe'><\/iframe><\/div>\n<\/div>\n<div class=\"one-half last \">\n<h3 id=\"tw-target-text\" class=\"tw-data-text vk_txt tw-ta tw-text-small\" dir=\"ltr\" style=\"color: #212121;\" data-placeholder=\"Traducci\u00f3n\">Community builder<\/h3>\n<div class='video-embed '><iframe src='http:\/\/www.youtube.com\/embed\/6IqzLs373Iw?HD=1;rel=0;showinfo=0&amp;autoplay=' class='iframe'><\/iframe><\/div>\n<\/div><div class=\"clearfix\"><\/div>\n<div class=\"one-half \">\n<h3>The ecologist<\/h3>\n<div class='video-embed '><iframe src='http:\/\/www.youtube.com\/embed\/0NEmkoEgYMw?HD=1;rel=0;showinfo=0&amp;autoplay=' class='iframe'><\/iframe><\/div>\n<\/div>\n<div class=\"one-half last \">\n<h3>The activist<\/h3>\n<div class='video-embed '><iframe src='http:\/\/www.youtube.com\/embed\/iQ91SjSdBVg?HD=1;rel=0;showinfo=0&amp;autoplay=' class='iframe'><\/iframe><\/div>\n<\/div><div class=\"clearfix\"><\/div>\n<\/div>\n","protected":false},"excerpt":{"rendered":"","protected":false},"author":1,"featured_media":0,"parent":0,"menu_order":0,"comment_status":"open","ping_status":"open","template":"full-width-page.php","meta":{"_exactmetrics_skip_tracking":false,"_exactmetrics_sitenote_active":false,"_exactmetrics_sitenote_note":"","_exactmetrics_sitenote_category":0,"footnotes":""},"class_list":["post-1324","page","type-page","status-publish","hentry"],"yoast_head":"<!-- This site is optimized with the Yoast SEO plugin v27.3 - https:\/\/yoast.com\/product\/yoast-seo-wordpress\/ -->\n<title>I want to know even more - Tecnolog\u00eda Libre de Conflicto - Alboan<\/title>\n<meta name=\"robots\" content=\"index, follow, max-snippet:-1, max-image-preview:large, max-video-preview:-1\" \/>\n<link rel=\"canonical\" href=\"https:\/\/www.tecnologialibredeconflicto.org\/en\/quiero-saber-mas\/\" \/>\n<meta property=\"og:locale\" content=\"en_US\" \/>\n<meta property=\"og:type\" content=\"article\" \/>\n<meta property=\"og:title\" content=\"I want to know even more - Tecnolog\u00eda Libre de Conflicto - Alboan\" \/>\n<meta property=\"og:url\" content=\"https:\/\/www.tecnologialibredeconflicto.org\/en\/quiero-saber-mas\/\" \/>\n<meta property=\"og:site_name\" content=\"Tecnolog\u00eda Libre de Conflicto - Alboan\" \/>\n<meta property=\"article:publisher\" content=\"http:\/\/facebook.com\/alboan\" \/>\n<meta property=\"article:modified_time\" content=\"2018-07-12T12:13:06+00:00\" \/>\n<meta name=\"twitter:card\" content=\"summary_large_image\" \/>\n<meta name=\"twitter:site\" content=\"@ALBOANongd\" \/>\n<meta name=\"twitter:label1\" content=\"Est. reading time\" \/>\n\t<meta name=\"twitter:data1\" content=\"5 minutes\" \/>\n<script type=\"application\/ld+json\" class=\"yoast-schema-graph\">{\"@context\":\"https:\\\/\\\/schema.org\",\"@graph\":[{\"@type\":\"WebPage\",\"@id\":\"https:\\\/\\\/www.tecnologialibredeconflicto.org\\\/en\\\/quiero-saber-mas\\\/\",\"url\":\"https:\\\/\\\/www.tecnologialibredeconflicto.org\\\/en\\\/quiero-saber-mas\\\/\",\"name\":\"I want to know even more - Tecnolog\u00eda Libre de Conflicto - Alboan\",\"isPartOf\":{\"@id\":\"https:\\\/\\\/www.tecnologialibredeconflicto.org\\\/en\\\/#website\"},\"datePublished\":\"2014-02-08T21:22:30+00:00\",\"dateModified\":\"2018-07-12T12:13:06+00:00\",\"breadcrumb\":{\"@id\":\"https:\\\/\\\/www.tecnologialibredeconflicto.org\\\/en\\\/quiero-saber-mas\\\/#breadcrumb\"},\"inLanguage\":\"en-US\",\"potentialAction\":[{\"@type\":\"ReadAction\",\"target\":[\"https:\\\/\\\/www.tecnologialibredeconflicto.org\\\/en\\\/quiero-saber-mas\\\/\"]}]},{\"@type\":\"BreadcrumbList\",\"@id\":\"https:\\\/\\\/www.tecnologialibredeconflicto.org\\\/en\\\/quiero-saber-mas\\\/#breadcrumb\",\"itemListElement\":[{\"@type\":\"ListItem\",\"position\":1,\"name\":\"Portada\",\"item\":\"https:\\\/\\\/www.tecnologialibredeconflicto.org\\\/en\\\/\"},{\"@type\":\"ListItem\",\"position\":2,\"name\":\"I want to know even more\"}]},{\"@type\":\"WebSite\",\"@id\":\"https:\\\/\\\/www.tecnologialibredeconflicto.org\\\/en\\\/#website\",\"url\":\"https:\\\/\\\/www.tecnologialibredeconflicto.org\\\/en\\\/\",\"name\":\"Tecnolog\u00eda Libre de Conflicto - Alboan\",\"description\":\"Descubre la conexi\u00f3n entre tu m\u00f3vil y la guerra en el Congo.\",\"potentialAction\":[{\"@type\":\"SearchAction\",\"target\":{\"@type\":\"EntryPoint\",\"urlTemplate\":\"https:\\\/\\\/www.tecnologialibredeconflicto.org\\\/en\\\/?s={search_term_string}\"},\"query-input\":{\"@type\":\"PropertyValueSpecification\",\"valueRequired\":true,\"valueName\":\"search_term_string\"}}],\"inLanguage\":\"en-US\"}]}<\/script>\n<!-- \/ Yoast SEO plugin. -->","yoast_head_json":{"title":"I want to know even more - Tecnolog\u00eda Libre de Conflicto - Alboan","robots":{"index":"index","follow":"follow","max-snippet":"max-snippet:-1","max-image-preview":"max-image-preview:large","max-video-preview":"max-video-preview:-1"},"canonical":"https:\/\/www.tecnologialibredeconflicto.org\/en\/quiero-saber-mas\/","og_locale":"en_US","og_type":"article","og_title":"I want to know even more - Tecnolog\u00eda Libre de Conflicto - Alboan","og_url":"https:\/\/www.tecnologialibredeconflicto.org\/en\/quiero-saber-mas\/","og_site_name":"Tecnolog\u00eda Libre de Conflicto - Alboan","article_publisher":"http:\/\/facebook.com\/alboan","article_modified_time":"2018-07-12T12:13:06+00:00","twitter_card":"summary_large_image","twitter_site":"@ALBOANongd","twitter_misc":{"Est. reading time":"5 minutes"},"schema":{"@context":"https:\/\/schema.org","@graph":[{"@type":"WebPage","@id":"https:\/\/www.tecnologialibredeconflicto.org\/en\/quiero-saber-mas\/","url":"https:\/\/www.tecnologialibredeconflicto.org\/en\/quiero-saber-mas\/","name":"I want to know even more - Tecnolog\u00eda Libre de Conflicto - Alboan","isPartOf":{"@id":"https:\/\/www.tecnologialibredeconflicto.org\/en\/#website"},"datePublished":"2014-02-08T21:22:30+00:00","dateModified":"2018-07-12T12:13:06+00:00","breadcrumb":{"@id":"https:\/\/www.tecnologialibredeconflicto.org\/en\/quiero-saber-mas\/#breadcrumb"},"inLanguage":"en-US","potentialAction":[{"@type":"ReadAction","target":["https:\/\/www.tecnologialibredeconflicto.org\/en\/quiero-saber-mas\/"]}]},{"@type":"BreadcrumbList","@id":"https:\/\/www.tecnologialibredeconflicto.org\/en\/quiero-saber-mas\/#breadcrumb","itemListElement":[{"@type":"ListItem","position":1,"name":"Portada","item":"https:\/\/www.tecnologialibredeconflicto.org\/en\/"},{"@type":"ListItem","position":2,"name":"I want to know even more"}]},{"@type":"WebSite","@id":"https:\/\/www.tecnologialibredeconflicto.org\/en\/#website","url":"https:\/\/www.tecnologialibredeconflicto.org\/en\/","name":"Tecnolog\u00eda Libre de Conflicto - Alboan","description":"Descubre la conexi\u00f3n entre tu m\u00f3vil y la guerra en el Congo.","potentialAction":[{"@type":"SearchAction","target":{"@type":"EntryPoint","urlTemplate":"https:\/\/www.tecnologialibredeconflicto.org\/en\/?s={search_term_string}"},"query-input":{"@type":"PropertyValueSpecification","valueRequired":true,"valueName":"search_term_string"}}],"inLanguage":"en-US"}]}},"_links":{"self":[{"href":"https:\/\/www.tecnologialibredeconflicto.org\/en\/wp-json\/wp\/v2\/pages\/1324","targetHints":{"allow":["GET"]}}],"collection":[{"href":"https:\/\/www.tecnologialibredeconflicto.org\/en\/wp-json\/wp\/v2\/pages"}],"about":[{"href":"https:\/\/www.tecnologialibredeconflicto.org\/en\/wp-json\/wp\/v2\/types\/page"}],"author":[{"embeddable":true,"href":"https:\/\/www.tecnologialibredeconflicto.org\/en\/wp-json\/wp\/v2\/users\/1"}],"replies":[{"embeddable":true,"href":"https:\/\/www.tecnologialibredeconflicto.org\/en\/wp-json\/wp\/v2\/comments?post=1324"}],"version-history":[{"count":1,"href":"https:\/\/www.tecnologialibredeconflicto.org\/en\/wp-json\/wp\/v2\/pages\/1324\/revisions"}],"predecessor-version":[{"id":3568,"href":"https:\/\/www.tecnologialibredeconflicto.org\/en\/wp-json\/wp\/v2\/pages\/1324\/revisions\/3568"}],"wp:attachment":[{"href":"https:\/\/www.tecnologialibredeconflicto.org\/en\/wp-json\/wp\/v2\/media?parent=1324"}],"curies":[{"name":"wp","href":"https:\/\/api.w.org\/{rel}","templated":true}]}}