{"id":1372,"date":"2014-02-08T21:58:09","date_gmt":"2014-02-08T21:58:09","guid":{"rendered":"https:\/\/www.tecnologialibredeconflicto.org\/contacta-2\/"},"modified":"2017-05-25T14:26:07","modified_gmt":"2017-05-25T12:26:07","slug":"contacta","status":"publish","type":"page","link":"https:\/\/www.tecnologialibredeconflicto.org\/en\/contacta\/","title":{"rendered":"Contact"},"content":{"rendered":"<div class=\"container\">\n<p style=\"text-align: left;\">In case you want to know more about ALBOAN\u2019s Conflict-Free Technology Campaign you can write us below. But before sending your request, please check out our section of <a href=\"https:\/\/www.tecnologialibredeconflicto.org\/en\/faqs\/\">Frequently Asked Questions<\/a>.<\/p>\n<div style=\"padding-bottom: 30px; margin-top: 0px;\" class=\"space-divider\"><\/div>\n<div class=\"one-half \">\n<h3 class=\"sd-styled-title\">Send your coments or queries<\/h3>\n<div style=\"padding-bottom: 20px; margin-top: 0px;\" class=\"space-divider\"><\/div>\n\n<div class=\"wpcf7 no-js\" id=\"wpcf7-f1563-o1\" lang=\"en-US\" dir=\"ltr\" data-wpcf7-id=\"1563\">\n<div class=\"screen-reader-response\"><p role=\"status\" aria-live=\"polite\" aria-atomic=\"true\"><\/p> <ul><\/ul><\/div>\n<form action=\"\/en\/wp-json\/wp\/v2\/pages\/1372#wpcf7-f1563-o1\" method=\"post\" class=\"wpcf7-form init\" aria-label=\"Contact form\" novalidate=\"novalidate\" data-status=\"init\">\n<fieldset class=\"hidden-fields-container\"><input type=\"hidden\" name=\"_wpcf7\" value=\"1563\" \/><input type=\"hidden\" name=\"_wpcf7_version\" value=\"6.1.5\" \/><input type=\"hidden\" name=\"_wpcf7_locale\" value=\"en_US\" \/><input type=\"hidden\" name=\"_wpcf7_unit_tag\" value=\"wpcf7-f1563-o1\" \/><input type=\"hidden\" name=\"_wpcf7_container_post\" value=\"0\" \/><input type=\"hidden\" name=\"_wpcf7_posted_data_hash\" value=\"\" \/><input type=\"hidden\" name=\"_wpcf7_recaptcha_response\" value=\"\" \/>\n<\/fieldset>\n<p><span class=\"wpcf7-form-control-wrap\" data-name=\"your-name\"><input size=\"40\" maxlength=\"400\" class=\"wpcf7-form-control wpcf7-text wpcf7-validates-as-required\" aria-required=\"true\" aria-invalid=\"false\" placeholder=\"Name\" value=\"\" type=\"text\" name=\"your-name\" \/><\/span>\n<\/p>\n<p><span class=\"wpcf7-form-control-wrap\" data-name=\"your-email\"><input size=\"40\" maxlength=\"400\" class=\"wpcf7-form-control wpcf7-email wpcf7-validates-as-required wpcf7-text wpcf7-validates-as-email\" aria-required=\"true\" aria-invalid=\"false\" placeholder=\"E-Mail\" value=\"\" type=\"email\" name=\"your-email\" \/><\/span>\n<\/p>\n<p><span class=\"wpcf7-form-control-wrap\" data-name=\"your-message\"><textarea cols=\"40\" rows=\"10\" maxlength=\"2000\" class=\"wpcf7-form-control wpcf7-textarea\" aria-invalid=\"false\" placeholder=\"Message\" name=\"your-message\"><\/textarea><\/span>\n<\/p>\n<p><span class=\"wpcf7-form-control-wrap\" data-name=\"captcha-897\"><input size=\"40\" class=\"wpcf7-form-control wpcf7-captchar\" autocomplete=\"off\" aria-invalid=\"false\" placeholder=\"Enter the code you see in the picture\" value=\"\" type=\"text\" name=\"captcha-897\" \/><\/span>\n<\/p>\n<p><input type=\"hidden\" name=\"_wpcf7_captcha_challenge_captcha-897\" value=\"2317498195\" \/><img loading=\"lazy\" decoding=\"async\" class=\"wpcf7-form-control wpcf7-captchac wpcf7-captcha-captcha-897\" width=\"60\" height=\"20\" alt=\"captcha\" src=\"https:\/\/www.tecnologialibredeconflicto.org\/wp-content\/uploads\/wpcf7_captcha\/2317498195.png\" \/>\n<\/p>\n<p><input class=\"wpcf7-form-control wpcf7-submit has-spinner\" type=\"submit\" value=\"Send\" \/>\n<\/p>\n<div style=\"font-size:75%;line-height:130%;margin:20px 0;\">\n\t<p><strong>Identidad del Responsable del Tratamiento: <\/strong>FUNDACI\u00d3N ALBOAN, CIF: G48-811376,<strong> Domicilio social:<\/strong> Padre Lojendio 2, 2\u00ba, 48008 Bilbao, Tel\u00e9fono: 944151135 <strong>Finalidad<\/strong>: Procesar el mensaje recibido a trav\u00e9s del formulario <strong>La Legitimaci\u00f3n<\/strong>: Es gracias a tu consentimiento.&nbsp;<strong>Destinatarios<\/strong>: Tus datos se encontrar\u00e1n alojados en nuestra plataforma de email marketing CiviCRM ubicada en Espa\u00f1a. Podr\u00e1s ejercer Tus <strong>Derechos de Acceso, Rectificaci\u00f3n, Limitaci\u00f3n o Suprimir tus datos<\/strong> en alboan@alboan.org. Para m\u00e1s informaci\u00f3n consulta nuestra <a href=\"https:\/\/www.alboan.org\/es\/aviso-legal-y-de-privacidad#privacidad\">pol\u00edtica de privacidad<\/a>.\n\t<\/p>\n<\/div><p style=\"display: none !important;\" class=\"akismet-fields-container\" data-prefix=\"_wpcf7_ak_\"><label>&#916;<textarea name=\"_wpcf7_ak_hp_textarea\" cols=\"45\" rows=\"8\" maxlength=\"100\"><\/textarea><\/label><input type=\"hidden\" id=\"ak_js_1\" name=\"_wpcf7_ak_js\" value=\"120\"\/><script>document.getElementById( \"ak_js_1\" ).setAttribute( \"value\", ( new Date() ).getTime() );<\/script><\/p><div class=\"wpcf7-response-output\" aria-hidden=\"true\"><\/div>\n<\/form>\n<\/div>\n\n<\/div>\n<div class=\"one-half last \">\n<h3 class=\"sd-styled-title\">Direction<\/h3>\n<div style=\"padding-bottom: 20px; margin-top: 0px;\" class=\"space-divider\"><\/div>\n<div class=\"sd-center\" style=\"text-align: left;\">Padre Lojendio, 2, 2\u00ba 48008 \u2013 Bilbao<\/div>\n<div class=\"sd-center\" style=\"text-align: left;\">T. 944 151 135<\/div>\n<div class=\"sd-center\"><div style=\"padding-bottom: 20px; margin-top: 30px;\" class=\"space-divider\"><\/div><\/div>\n<div class=\"sd-center\"><div id=\"contactmap\" style=\"width:1170px;height:250px;\" class=\"google_map\"><\/div>\n\t\n\t<script type=\"text\/javascript\">\n\t\tvar latlng = new google.maps.LatLng(43.2603627149441, -2.9298681499999475);\n\t\tvar myOptions = {\n\t\t\tzoom: 15,\n\t\t\tcenter: latlng,\n\t\t\tscrollwheel: true,\n\t\t\tscaleControl: false,\n\t\t\tdisableDefaultUI: false,\n\t\t\tmapTypeId: google.maps.MapTypeId.ROADMAP\n\t\t};\n\t\tvar contactmap = new google.maps.Map(document.getElementById(\"contactmap\"),\n\t\tmyOptions);\n\t\t\n\t\t    var geocoder_contactmap = new google.maps.Geocoder();\n\t\t\tvar address = 'Padre Lojendio, 2, Bilbao';\n\t\t\tgeocoder_contactmap.geocode( { 'address': address}, function(results, status) {\n\t\t\t\tif (status == google.maps.GeocoderStatus.OK) {\n\t\t\t\t\tcontactmap.setCenter(results[0].geometry.location);\n\t\t\t\t\t\n\t\t\t\t\t\tvar marker = new google.maps.Marker({\n\t\t\t\t\t\t\tmap: contactmap, \n\t\t\t\t\t\t\t\n\t\t\t\t\t\t\tposition: contactmap.getCenter()\n\t\t\t\t\t\t});\n\t\t\t\t\t\t\n\t\t\t\t\t\t\tvar contentString = 'Alboan';\n\t\t\t\t\t\t\tvar infowindow = new google.maps.InfoWindow({\n\t\t\t\t\t\t\t\tcontent: contentString\n\t\t\t\t\t\t\t});\n\t\t\t\t\t\t\t\t\t\t\n\t\t\t\t\t\t\tgoogle.maps.event.addListener(marker, 'click', function() {\n\t\t\t\t\t\t\t  infowindow.open(contactmap,marker);\n\t\t\t\t\t\t\t});\n\t\t\t\t\t\t\t\n\t\t\t\t\t\t\t\t\tinfowindow.open(contactmap,marker);\n\t\t\t\t\t\t\t\t\n\t\t\t\t} else {\n\t\t\t\talert(\"Geocode was not successful for the following reason: \" + status);\n\t\t\t}\n\t\t\t});\n\t\t\t<\/script><\/div>\n<\/div><div class=\"clearfix\"><\/div>\n<\/div>\n","protected":false},"excerpt":{"rendered":"","protected":false},"author":1,"featured_media":0,"parent":0,"menu_order":0,"comment_status":"open","ping_status":"open","template":"full-width-page.php","meta":{"_exactmetrics_skip_tracking":false,"_exactmetrics_sitenote_active":false,"_exactmetrics_sitenote_note":"","_exactmetrics_sitenote_category":0,"footnotes":""},"class_list":["post-1372","page","type-page","status-publish","hentry"],"yoast_head":"<!-- This site is optimized with the Yoast SEO plugin v27.4 - https:\/\/yoast.com\/product\/yoast-seo-wordpress\/ -->\n<title>Contact - Tecnolog\u00eda Libre de Conflicto - Alboan<\/title>\n<meta name=\"robots\" content=\"index, follow, max-snippet:-1, max-image-preview:large, max-video-preview:-1\" \/>\n<link rel=\"canonical\" href=\"https:\/\/www.tecnologialibredeconflicto.org\/en\/contacta\/\" \/>\n<meta property=\"og:locale\" content=\"en_US\" \/>\n<meta property=\"og:type\" content=\"article\" \/>\n<meta property=\"og:title\" content=\"Contact - Tecnolog\u00eda Libre de Conflicto - Alboan\" \/>\n<meta property=\"og:url\" content=\"https:\/\/www.tecnologialibredeconflicto.org\/en\/contacta\/\" \/>\n<meta property=\"og:site_name\" content=\"Tecnolog\u00eda Libre de Conflicto - Alboan\" \/>\n<meta property=\"article:publisher\" content=\"http:\/\/facebook.com\/alboan\" \/>\n<meta property=\"article:modified_time\" content=\"2017-05-25T12:26:07+00:00\" \/>\n<meta name=\"twitter:card\" content=\"summary_large_image\" \/>\n<meta name=\"twitter:site\" content=\"@ALBOANongd\" \/>\n<script type=\"application\/ld+json\" class=\"yoast-schema-graph\">{\"@context\":\"https:\\\/\\\/schema.org\",\"@graph\":[{\"@type\":\"WebPage\",\"@id\":\"https:\\\/\\\/www.tecnologialibredeconflicto.org\\\/en\\\/contacta\\\/\",\"url\":\"https:\\\/\\\/www.tecnologialibredeconflicto.org\\\/en\\\/contacta\\\/\",\"name\":\"Contact - Tecnolog\u00eda Libre de Conflicto - Alboan\",\"isPartOf\":{\"@id\":\"https:\\\/\\\/www.tecnologialibredeconflicto.org\\\/en\\\/#website\"},\"datePublished\":\"2014-02-08T21:58:09+00:00\",\"dateModified\":\"2017-05-25T12:26:07+00:00\",\"breadcrumb\":{\"@id\":\"https:\\\/\\\/www.tecnologialibredeconflicto.org\\\/en\\\/contacta\\\/#breadcrumb\"},\"inLanguage\":\"en-US\",\"potentialAction\":[{\"@type\":\"ReadAction\",\"target\":[\"https:\\\/\\\/www.tecnologialibredeconflicto.org\\\/en\\\/contacta\\\/\"]}]},{\"@type\":\"BreadcrumbList\",\"@id\":\"https:\\\/\\\/www.tecnologialibredeconflicto.org\\\/en\\\/contacta\\\/#breadcrumb\",\"itemListElement\":[{\"@type\":\"ListItem\",\"position\":1,\"name\":\"Portada\",\"item\":\"https:\\\/\\\/www.tecnologialibredeconflicto.org\\\/en\\\/\"},{\"@type\":\"ListItem\",\"position\":2,\"name\":\"Contact\"}]},{\"@type\":\"WebSite\",\"@id\":\"https:\\\/\\\/www.tecnologialibredeconflicto.org\\\/en\\\/#website\",\"url\":\"https:\\\/\\\/www.tecnologialibredeconflicto.org\\\/en\\\/\",\"name\":\"Tecnolog\u00eda Libre de Conflicto - Alboan\",\"description\":\"Descubre la conexi\u00f3n entre tu m\u00f3vil y la guerra en el Congo.\",\"potentialAction\":[{\"@type\":\"SearchAction\",\"target\":{\"@type\":\"EntryPoint\",\"urlTemplate\":\"https:\\\/\\\/www.tecnologialibredeconflicto.org\\\/en\\\/?s={search_term_string}\"},\"query-input\":{\"@type\":\"PropertyValueSpecification\",\"valueRequired\":true,\"valueName\":\"search_term_string\"}}],\"inLanguage\":\"en-US\"}]}<\/script>\n<!-- \/ Yoast SEO plugin. -->","yoast_head_json":{"title":"Contact - Tecnolog\u00eda Libre de Conflicto - Alboan","robots":{"index":"index","follow":"follow","max-snippet":"max-snippet:-1","max-image-preview":"max-image-preview:large","max-video-preview":"max-video-preview:-1"},"canonical":"https:\/\/www.tecnologialibredeconflicto.org\/en\/contacta\/","og_locale":"en_US","og_type":"article","og_title":"Contact - Tecnolog\u00eda Libre de Conflicto - Alboan","og_url":"https:\/\/www.tecnologialibredeconflicto.org\/en\/contacta\/","og_site_name":"Tecnolog\u00eda Libre de Conflicto - Alboan","article_publisher":"http:\/\/facebook.com\/alboan","article_modified_time":"2017-05-25T12:26:07+00:00","twitter_card":"summary_large_image","twitter_site":"@ALBOANongd","schema":{"@context":"https:\/\/schema.org","@graph":[{"@type":"WebPage","@id":"https:\/\/www.tecnologialibredeconflicto.org\/en\/contacta\/","url":"https:\/\/www.tecnologialibredeconflicto.org\/en\/contacta\/","name":"Contact - Tecnolog\u00eda Libre de Conflicto - Alboan","isPartOf":{"@id":"https:\/\/www.tecnologialibredeconflicto.org\/en\/#website"},"datePublished":"2014-02-08T21:58:09+00:00","dateModified":"2017-05-25T12:26:07+00:00","breadcrumb":{"@id":"https:\/\/www.tecnologialibredeconflicto.org\/en\/contacta\/#breadcrumb"},"inLanguage":"en-US","potentialAction":[{"@type":"ReadAction","target":["https:\/\/www.tecnologialibredeconflicto.org\/en\/contacta\/"]}]},{"@type":"BreadcrumbList","@id":"https:\/\/www.tecnologialibredeconflicto.org\/en\/contacta\/#breadcrumb","itemListElement":[{"@type":"ListItem","position":1,"name":"Portada","item":"https:\/\/www.tecnologialibredeconflicto.org\/en\/"},{"@type":"ListItem","position":2,"name":"Contact"}]},{"@type":"WebSite","@id":"https:\/\/www.tecnologialibredeconflicto.org\/en\/#website","url":"https:\/\/www.tecnologialibredeconflicto.org\/en\/","name":"Tecnolog\u00eda Libre de Conflicto - Alboan","description":"Descubre la conexi\u00f3n entre tu m\u00f3vil y la guerra en el Congo.","potentialAction":[{"@type":"SearchAction","target":{"@type":"EntryPoint","urlTemplate":"https:\/\/www.tecnologialibredeconflicto.org\/en\/?s={search_term_string}"},"query-input":{"@type":"PropertyValueSpecification","valueRequired":true,"valueName":"search_term_string"}}],"inLanguage":"en-US"}]}},"_links":{"self":[{"href":"https:\/\/www.tecnologialibredeconflicto.org\/en\/wp-json\/wp\/v2\/pages\/1372","targetHints":{"allow":["GET"]}}],"collection":[{"href":"https:\/\/www.tecnologialibredeconflicto.org\/en\/wp-json\/wp\/v2\/pages"}],"about":[{"href":"https:\/\/www.tecnologialibredeconflicto.org\/en\/wp-json\/wp\/v2\/types\/page"}],"author":[{"embeddable":true,"href":"https:\/\/www.tecnologialibredeconflicto.org\/en\/wp-json\/wp\/v2\/users\/1"}],"replies":[{"embeddable":true,"href":"https:\/\/www.tecnologialibredeconflicto.org\/en\/wp-json\/wp\/v2\/comments?post=1372"}],"version-history":[{"count":1,"href":"https:\/\/www.tecnologialibredeconflicto.org\/en\/wp-json\/wp\/v2\/pages\/1372\/revisions"}],"predecessor-version":[{"id":2779,"href":"https:\/\/www.tecnologialibredeconflicto.org\/en\/wp-json\/wp\/v2\/pages\/1372\/revisions\/2779"}],"wp:attachment":[{"href":"https:\/\/www.tecnologialibredeconflicto.org\/en\/wp-json\/wp\/v2\/media?parent=1372"}],"curies":[{"name":"wp","href":"https:\/\/api.w.org\/{rel}","templated":true}]}}