{"id":1577,"date":"2014-12-09T12:38:38","date_gmt":"2014-12-09T11:38:38","guid":{"rendered":"https:\/\/www.tecnologialibredeconflicto.org\/?page_id=1577"},"modified":"2015-02-27T14:15:05","modified_gmt":"2015-02-27T13:15:05","slug":"allied-organizations","status":"publish","type":"page","link":"https:\/\/www.tecnologialibredeconflicto.org\/en\/allied-organizations\/","title":{"rendered":"Allied organizations"},"content":{"rendered":"<p><a title=\" Jesuit European Social Centre (JESC)\" href=\"http:\/\/jesc.eu\/\" target=\"_blank\"><img loading=\"lazy\" decoding=\"async\" class=\"wp-image-1568 alignleft\" src=\"https:\/\/www.tecnologialibredeconflicto.org\/wp-content\/uploads\/2014\/12\/JESC-Logo-RVB-Horizontal.gif\" rel=\"PrettyPhoto[1577]\" alt=\"JESC-Logo RVB-Horizontal\" width=\"296\" height=\"140\" \/><\/a> <a title=\"Jesuit Missions\" href=\"http:\/\/www.jesuitmissions.org\/\" target=\"_blank\"><img loading=\"lazy\" decoding=\"async\" class=\"wp-image-1569 aligncenter\" src=\"https:\/\/www.tecnologialibredeconflicto.org\/wp-content\/uploads\/2014\/12\/logo-jesuit-missions.png\" rel=\"PrettyPhoto[1577]\" alt=\"logo jesuit missions\" width=\"431\" height=\"108\" srcset=\"https:\/\/www.tecnologialibredeconflicto.org\/wp-content\/uploads\/2014\/12\/logo-jesuit-missions.png 663w, https:\/\/www.tecnologialibredeconflicto.org\/wp-content\/uploads\/2014\/12\/logo-jesuit-missions-300x75.png 300w\" sizes=\"auto, (max-width: 431px) 100vw, 431px\" \/><\/a><\/p>\n<p><a title=\"Eurac\" href=\"http:\/\/www.eurac-network.org\/accueil.php?lg=en&amp;pg=home\" target=\"_blank\"><img loading=\"lazy\" decoding=\"async\" class=\"size-full wp-image-1570 alignleft\" src=\"https:\/\/www.tecnologialibredeconflicto.org\/wp-content\/uploads\/2014\/12\/logo_eurac.gif\" rel=\"PrettyPhoto[1577]\" alt=\"logo_eurac\" width=\"200\" height=\"155\" \/><\/a> <a title=\"Red Xabier\" href=\"http:\/\/www.netxavier.org\/\" target=\"_blank\"><img loading=\"lazy\" decoding=\"async\" class=\"wp-image-1572 aligncenter\" src=\"https:\/\/www.tecnologialibredeconflicto.org\/wp-content\/uploads\/2014\/12\/logoxavier.jpg\" rel=\"PrettyPhoto[1577]\" alt=\"logoxavier\" width=\"133\" height=\"156\" \/><\/a><\/p>\n<p><a title=\"Redes\" href=\"http:\/\/www.redes-ongd.org\/que-es-redes\/\" target=\"_blank\"><img loading=\"lazy\" decoding=\"async\" class=\" wp-image-1567 alignleft\" src=\"https:\/\/www.tecnologialibredeconflicto.org\/wp-content\/uploads\/2014\/12\/cabecera_redes.png\" rel=\"PrettyPhoto[1577]\" alt=\"cabecera_redes\" width=\"570\" height=\"74\" srcset=\"https:\/\/www.tecnologialibredeconflicto.org\/wp-content\/uploads\/2014\/12\/cabecera_redes.png 786w, https:\/\/www.tecnologialibredeconflicto.org\/wp-content\/uploads\/2014\/12\/cabecera_redes-300x38.png 300w\" sizes=\"auto, (max-width: 570px) 100vw, 570px\" \/><\/a><\/p>\n<p>&nbsp;<\/p>\n<p>&nbsp;<\/p>\n<p><a title=\"Ignatian Advocacy\" href=\"http:\/\/www.ignatianadvocacy.org\/\" target=\"_blank\"><img loading=\"lazy\" decoding=\"async\" class=\"size-full wp-image-1573 alignleft\" src=\"https:\/\/www.tecnologialibredeconflicto.org\/wp-content\/uploads\/2014\/12\/Gian.jpg\" rel=\"PrettyPhoto[1577]\" alt=\"Gian\" width=\"556\" height=\"101\" \/><\/a><\/p>\n<p>&nbsp;<\/p>\n<p>&nbsp;<\/p>\n<p>&nbsp;<\/p>\n<p><a href=\"http:\/\/en.jrs.net\/?L=ES\" target=\"_blank\"><img loading=\"lazy\" decoding=\"async\" class=\" wp-image-1611 alignleft\" src=\"https:\/\/www.tecnologialibredeconflicto.org\/wp-content\/uploads\/2014\/12\/formatos-logos-sj-azul.jpg\" rel=\"PrettyPhoto[1577]\" alt=\"formatos-logos-sj-azul\" width=\"267\" height=\"153\" srcset=\"https:\/\/www.tecnologialibredeconflicto.org\/wp-content\/uploads\/2014\/12\/formatos-logos-sj-azul.jpg 360w, https:\/\/www.tecnologialibredeconflicto.org\/wp-content\/uploads\/2014\/12\/formatos-logos-sj-azul-300x171.jpg 300w\" sizes=\"auto, (max-width: 267px) 100vw, 267px\" \/><\/a><a href=\"http:\/\/synergiedesfemmes.org\/\" target=\"_blank\"><img loading=\"lazy\" decoding=\"async\" class=\"wp-image-1626 aligncenter\" src=\"https:\/\/www.tecnologialibredeconflicto.org\/wp-content\/uploads\/2014\/12\/synergie.jpg\" rel=\"PrettyPhoto[1577]\" alt=\"synergie\" width=\"115\" height=\"160\" srcset=\"https:\/\/www.tecnologialibredeconflicto.org\/wp-content\/uploads\/2014\/12\/synergie.jpg 270w, https:\/\/www.tecnologialibredeconflicto.org\/wp-content\/uploads\/2014\/12\/synergie-216x300.jpg 216w\" sizes=\"auto, (max-width: 115px) 100vw, 115px\" \/><\/a><a href=\"http:\/\/www.justiciaipau.org\/\" target=\"_blank\"><img loading=\"lazy\" decoding=\"async\" class=\"alignleft size-full wp-image-1700\" src=\"https:\/\/www.tecnologialibredeconflicto.org\/wp-content\/uploads\/2014\/12\/\u00edndice.jpg\" rel=\"PrettyPhoto[1577]\" alt=\"Just\u00edxia i pau\" width=\"279\" height=\"180\" \/><\/a><\/p>\n","protected":false},"excerpt":{"rendered":"<p>&nbsp; &nbsp; &nbsp; &nbsp; &nbsp;<\/p>\n","protected":false},"author":5,"featured_media":0,"parent":0,"menu_order":0,"comment_status":"open","ping_status":"open","template":"","meta":{"_exactmetrics_skip_tracking":false,"_exactmetrics_sitenote_active":false,"_exactmetrics_sitenote_note":"","_exactmetrics_sitenote_category":0,"footnotes":""},"class_list":["post-1577","page","type-page","status-publish","hentry"],"yoast_head":"<!-- This site is optimized with the Yoast SEO plugin v27.3 - https:\/\/yoast.com\/product\/yoast-seo-wordpress\/ -->\n<title>Allied organizations - Tecnolog\u00eda Libre de Conflicto - Alboan<\/title>\n<meta name=\"robots\" content=\"index, follow, max-snippet:-1, max-image-preview:large, max-video-preview:-1\" \/>\n<link rel=\"canonical\" href=\"https:\/\/www.tecnologialibredeconflicto.org\/en\/allied-organizations\/\" \/>\n<meta property=\"og:locale\" content=\"en_US\" \/>\n<meta property=\"og:type\" content=\"article\" \/>\n<meta property=\"og:title\" content=\"Allied organizations - Tecnolog\u00eda Libre de Conflicto - Alboan\" \/>\n<meta property=\"og:description\" content=\"&nbsp; &nbsp; &nbsp; &nbsp; &nbsp;\" \/>\n<meta property=\"og:url\" content=\"https:\/\/www.tecnologialibredeconflicto.org\/en\/allied-organizations\/\" \/>\n<meta property=\"og:site_name\" content=\"Tecnolog\u00eda Libre de Conflicto - Alboan\" \/>\n<meta property=\"article:publisher\" content=\"http:\/\/facebook.com\/alboan\" \/>\n<meta property=\"article:modified_time\" content=\"2015-02-27T13:15:05+00:00\" \/>\n<meta property=\"og:image\" content=\"https:\/\/www.tecnologialibredeconflicto.org\/wp-content\/uploads\/2014\/12\/JESC-Logo-RVB-Horizontal.gif\" \/>\n<meta name=\"twitter:card\" content=\"summary_large_image\" \/>\n<meta name=\"twitter:site\" content=\"@ALBOANongd\" \/>\n<script type=\"application\/ld+json\" class=\"yoast-schema-graph\">{\"@context\":\"https:\\\/\\\/schema.org\",\"@graph\":[{\"@type\":\"WebPage\",\"@id\":\"https:\\\/\\\/www.tecnologialibredeconflicto.org\\\/en\\\/allied-organizations\\\/\",\"url\":\"https:\\\/\\\/www.tecnologialibredeconflicto.org\\\/en\\\/allied-organizations\\\/\",\"name\":\"Allied organizations - Tecnolog\u00eda Libre de Conflicto - Alboan\",\"isPartOf\":{\"@id\":\"https:\\\/\\\/www.tecnologialibredeconflicto.org\\\/en\\\/#website\"},\"primaryImageOfPage\":{\"@id\":\"https:\\\/\\\/www.tecnologialibredeconflicto.org\\\/en\\\/allied-organizations\\\/#primaryimage\"},\"image\":{\"@id\":\"https:\\\/\\\/www.tecnologialibredeconflicto.org\\\/en\\\/allied-organizations\\\/#primaryimage\"},\"thumbnailUrl\":\"http:\\\/\\\/www.tecnologialibredeconflicto.org\\\/wp-content\\\/uploads\\\/2014\\\/12\\\/JESC-Logo-RVB-Horizontal.gif\",\"datePublished\":\"2014-12-09T11:38:38+00:00\",\"dateModified\":\"2015-02-27T13:15:05+00:00\",\"breadcrumb\":{\"@id\":\"https:\\\/\\\/www.tecnologialibredeconflicto.org\\\/en\\\/allied-organizations\\\/#breadcrumb\"},\"inLanguage\":\"en-US\",\"potentialAction\":[{\"@type\":\"ReadAction\",\"target\":[\"https:\\\/\\\/www.tecnologialibredeconflicto.org\\\/en\\\/allied-organizations\\\/\"]}]},{\"@type\":\"ImageObject\",\"inLanguage\":\"en-US\",\"@id\":\"https:\\\/\\\/www.tecnologialibredeconflicto.org\\\/en\\\/allied-organizations\\\/#primaryimage\",\"url\":\"http:\\\/\\\/www.tecnologialibredeconflicto.org\\\/wp-content\\\/uploads\\\/2014\\\/12\\\/JESC-Logo-RVB-Horizontal.gif\",\"contentUrl\":\"http:\\\/\\\/www.tecnologialibredeconflicto.org\\\/wp-content\\\/uploads\\\/2014\\\/12\\\/JESC-Logo-RVB-Horizontal.gif\"},{\"@type\":\"BreadcrumbList\",\"@id\":\"https:\\\/\\\/www.tecnologialibredeconflicto.org\\\/en\\\/allied-organizations\\\/#breadcrumb\",\"itemListElement\":[{\"@type\":\"ListItem\",\"position\":1,\"name\":\"Portada\",\"item\":\"https:\\\/\\\/www.tecnologialibredeconflicto.org\\\/en\\\/\"},{\"@type\":\"ListItem\",\"position\":2,\"name\":\"Allied organizations\"}]},{\"@type\":\"WebSite\",\"@id\":\"https:\\\/\\\/www.tecnologialibredeconflicto.org\\\/en\\\/#website\",\"url\":\"https:\\\/\\\/www.tecnologialibredeconflicto.org\\\/en\\\/\",\"name\":\"Tecnolog\u00eda Libre de Conflicto - Alboan\",\"description\":\"Descubre la conexi\u00f3n entre tu m\u00f3vil y la guerra en el Congo.\",\"potentialAction\":[{\"@type\":\"SearchAction\",\"target\":{\"@type\":\"EntryPoint\",\"urlTemplate\":\"https:\\\/\\\/www.tecnologialibredeconflicto.org\\\/en\\\/?s={search_term_string}\"},\"query-input\":{\"@type\":\"PropertyValueSpecification\",\"valueRequired\":true,\"valueName\":\"search_term_string\"}}],\"inLanguage\":\"en-US\"}]}<\/script>\n<!-- \/ Yoast SEO plugin. -->","yoast_head_json":{"title":"Allied organizations - Tecnolog\u00eda Libre de Conflicto - Alboan","robots":{"index":"index","follow":"follow","max-snippet":"max-snippet:-1","max-image-preview":"max-image-preview:large","max-video-preview":"max-video-preview:-1"},"canonical":"https:\/\/www.tecnologialibredeconflicto.org\/en\/allied-organizations\/","og_locale":"en_US","og_type":"article","og_title":"Allied organizations - Tecnolog\u00eda Libre de Conflicto - Alboan","og_description":"&nbsp; &nbsp; &nbsp; &nbsp; &nbsp;","og_url":"https:\/\/www.tecnologialibredeconflicto.org\/en\/allied-organizations\/","og_site_name":"Tecnolog\u00eda Libre de Conflicto - Alboan","article_publisher":"http:\/\/facebook.com\/alboan","article_modified_time":"2015-02-27T13:15:05+00:00","og_image":[{"url":"https:\/\/www.tecnologialibredeconflicto.org\/wp-content\/uploads\/2014\/12\/JESC-Logo-RVB-Horizontal.gif","type":"","width":"","height":""}],"twitter_card":"summary_large_image","twitter_site":"@ALBOANongd","schema":{"@context":"https:\/\/schema.org","@graph":[{"@type":"WebPage","@id":"https:\/\/www.tecnologialibredeconflicto.org\/en\/allied-organizations\/","url":"https:\/\/www.tecnologialibredeconflicto.org\/en\/allied-organizations\/","name":"Allied organizations - Tecnolog\u00eda Libre de Conflicto - Alboan","isPartOf":{"@id":"https:\/\/www.tecnologialibredeconflicto.org\/en\/#website"},"primaryImageOfPage":{"@id":"https:\/\/www.tecnologialibredeconflicto.org\/en\/allied-organizations\/#primaryimage"},"image":{"@id":"https:\/\/www.tecnologialibredeconflicto.org\/en\/allied-organizations\/#primaryimage"},"thumbnailUrl":"https:\/\/www.tecnologialibredeconflicto.org\/wp-content\/uploads\/2014\/12\/JESC-Logo-RVB-Horizontal.gif","datePublished":"2014-12-09T11:38:38+00:00","dateModified":"2015-02-27T13:15:05+00:00","breadcrumb":{"@id":"https:\/\/www.tecnologialibredeconflicto.org\/en\/allied-organizations\/#breadcrumb"},"inLanguage":"en-US","potentialAction":[{"@type":"ReadAction","target":["https:\/\/www.tecnologialibredeconflicto.org\/en\/allied-organizations\/"]}]},{"@type":"ImageObject","inLanguage":"en-US","@id":"https:\/\/www.tecnologialibredeconflicto.org\/en\/allied-organizations\/#primaryimage","url":"https:\/\/www.tecnologialibredeconflicto.org\/wp-content\/uploads\/2014\/12\/JESC-Logo-RVB-Horizontal.gif","contentUrl":"https:\/\/www.tecnologialibredeconflicto.org\/wp-content\/uploads\/2014\/12\/JESC-Logo-RVB-Horizontal.gif"},{"@type":"BreadcrumbList","@id":"https:\/\/www.tecnologialibredeconflicto.org\/en\/allied-organizations\/#breadcrumb","itemListElement":[{"@type":"ListItem","position":1,"name":"Portada","item":"https:\/\/www.tecnologialibredeconflicto.org\/en\/"},{"@type":"ListItem","position":2,"name":"Allied organizations"}]},{"@type":"WebSite","@id":"https:\/\/www.tecnologialibredeconflicto.org\/en\/#website","url":"https:\/\/www.tecnologialibredeconflicto.org\/en\/","name":"Tecnolog\u00eda Libre de Conflicto - Alboan","description":"Descubre la conexi\u00f3n entre tu m\u00f3vil y la guerra en el Congo.","potentialAction":[{"@type":"SearchAction","target":{"@type":"EntryPoint","urlTemplate":"https:\/\/www.tecnologialibredeconflicto.org\/en\/?s={search_term_string}"},"query-input":{"@type":"PropertyValueSpecification","valueRequired":true,"valueName":"search_term_string"}}],"inLanguage":"en-US"}]}},"_links":{"self":[{"href":"https:\/\/www.tecnologialibredeconflicto.org\/en\/wp-json\/wp\/v2\/pages\/1577","targetHints":{"allow":["GET"]}}],"collection":[{"href":"https:\/\/www.tecnologialibredeconflicto.org\/en\/wp-json\/wp\/v2\/pages"}],"about":[{"href":"https:\/\/www.tecnologialibredeconflicto.org\/en\/wp-json\/wp\/v2\/types\/page"}],"author":[{"embeddable":true,"href":"https:\/\/www.tecnologialibredeconflicto.org\/en\/wp-json\/wp\/v2\/users\/5"}],"replies":[{"embeddable":true,"href":"https:\/\/www.tecnologialibredeconflicto.org\/en\/wp-json\/wp\/v2\/comments?post=1577"}],"version-history":[{"count":0,"href":"https:\/\/www.tecnologialibredeconflicto.org\/en\/wp-json\/wp\/v2\/pages\/1577\/revisions"}],"wp:attachment":[{"href":"https:\/\/www.tecnologialibredeconflicto.org\/en\/wp-json\/wp\/v2\/media?parent=1577"}],"curies":[{"name":"wp","href":"https:\/\/api.w.org\/{rel}","templated":true}]}}