{"id":6531,"date":"2019-09-23T11:21:40","date_gmt":"2019-09-23T10:21:40","guid":{"rendered":"https:\/\/www.tecnologialibredeconflicto.org\/?page_id=6531"},"modified":"2019-09-23T15:43:01","modified_gmt":"2019-09-23T14:43:01","slug":"home-en","status":"publish","type":"page","link":"https:\/\/www.tecnologialibredeconflicto.org\/en\/","title":{"rendered":"home"},"content":{"rendered":"<p><span style=\"width: 100%;\"><img loading=\"lazy\" decoding=\"async\" alt=\"\" width=\"298\" height=\"130\" title=\"LQTME_EN\" data-id=\"6533\" src=\"https:\/\/www.tecnologialibredeconflicto.org\/wp-content\/uploads\/2019\/09\/LQTME_EN.png\" style=\"width: 100%;\"><\/span><a title=\"What can I do?\" href=\"https:\/\/www.tecnologialibredeconflicto.org\/en\/firma\/\"><img decoding=\"async\" src=\"https:\/\/www.tecnologialibredeconflicto.org\/wp-content\/uploads\/2014\/06\/icons_firma_home3.png\" rel=\"PrettyPhoto[6531]\" alt=\"SIGN OUR PETITION\"><\/a><a title=\"What can I do?\" href=\"https:\/\/www.tecnologialibredeconflicto.org\/en\/firma\/\"><\/p>\n<h3 style=\"border-bottom: 2px solid #fff;\">SIGN<\/h3>\n<p style=\"color:#ffffff; margin-top:15px;\">We want a European directive that will effectively prevent the international minerals trade from fuelling armed conflicts.<\/p>\n<p><\/a><a title=\"\u00bfQu\u00e9 puedo hacer yo?\" href=\"https:\/\/www.tecnologialibredeconflicto.org\/que-puedo-hacer-yo\/#anchor-campa\u00f1a\"><img decoding=\"async\" src=\"https:\/\/www.tecnologialibredeconflicto.org\/wp-content\/uploads\/2014\/06\/icons_share_home2.png\" rel=\"PrettyPhoto[6531]\" alt=\"DIFUNDE\"><\/a><a title=\"What can I do?\" href=\"https:\/\/www.tecnologialibredeconflicto.org\/en\/what-can-i-do\/#anchor-campa\u00f1a\"><\/p>\n<h3 style=\"border-bottom: 2px solid #fff;\">PUBLICISE THE CAMPAIGN<\/h3>\n<p style=\"color:#ffffff; margin-top:15px;\">The more people there are, the louder our voice will be. Share.<\/p>\n<p><\/a><\/p>\n<h2 style=\"text-align: center;\">What is Conflict-free Technology?<\/h2>\n<h3 style=\"text-align: center;\">A campaign to break the links between technology and violence<\/h3>\n<p style=\"text-align: center;\">\u201cConflict-free Technology\u201d is a campaign launched by the Spanish NGO, ALBOAN, to draw attention to the connection between mobile phones, tablets and computers and the war in the eastern Democratic Republic of the Congo (DRC).<\/p>\n<h2 style=\"text-align: center;\">WHAT CAN I DO?<\/h2>\n<h3 style=\"text-align: center;\">SPEAK OUT FOR A FREE TECHNOLOGY OF CONFLICT<\/h3>\n<p style=\"color:#000000;\">Give us your email to keep you abreast of citizen action are we going to stat-up will <a style=\"color:#ffffff;\" href=\"https:\/\/www.tecnologialibredeconflicto.org\/en\/firma\/\">this collecting signatures.<\/a><\/p>\n<div class=\"one-third \"><a title=\"Sign our petition\" href=\"https:\/\/www.tecnologialibredeconflicto.org\/en\/firma\/\"><img loading=\"lazy\" decoding=\"async\" src=\"https:\/\/www.tecnologialibredeconflicto.org\/wp-content\/uploads\/2014\/02\/firma2.png\" rel=\"PrettyPhoto[6531]\" alt=\"firma2\" width=\"133\" height=\"133\"><\/a><\/p>\n<h4>SIGN<\/h4>\n<\/div><div class=\"one-third \"><a title=\"Spread our Campaign\" href=\"https:\/\/www.tecnologialibredeconflicto.org\/en\/what-can-i-do\/#anchor-campa%C3%B1a\"><img loading=\"lazy\" decoding=\"async\" src=\"https:\/\/www.tecnologialibredeconflicto.org\/wp-content\/uploads\/2014\/02\/dona_movil.png\" rel=\"PrettyPhoto[6531]\" alt=\"dona_movil\" width=\"133\" height=\"133\"><\/a><\/p>\n<h5>PUBLICISE THE CAMPAIGN<\/h5>\n<\/div><div class=\"one-third last \"><a title=\"What can I do?\" href=\"https:\/\/www.tecnologialibredeconflicto.org\/en\/what-can-i-do\/#anchor-formate\"><img loading=\"lazy\" decoding=\"async\" src=\"https:\/\/www.tecnologialibredeconflicto.org\/wp-content\/uploads\/2014\/02\/colabora.png\" rel=\"PrettyPhoto[6531]\" alt=\"colabora\" width=\"133\" height=\"133\"><\/a><\/p>\n<h5>LEARN MORE<\/h5>\n<\/div><div class=\"clearfix\"><\/div>\n<h3 style=\"text-align: center;\">LATEST NEWS<\/h3>\n<div class=\"tcb-post-list tve-content-list thrv_wrapper\" data-type=\"grid\" data-pagination-type=\"none\" data-pages_near_current=\"2\" data-css=\"tve-u-16d5db5803c\" data-no_posts_text=\"There are no posts to display.\" data-total_post_count=\"6\" data-total_sticky_count=\"0\"><article id=\"post-10293\" class=\"post-10293 post type-post status-publish format-standard hentry category-news post-wrapper thrv_wrapper thrive-animated-item \" tcb_hover_state_parent=\"\" data-id=\"10293\" data-selector=\".post-wrapper\"><style class=\"tcb-post-list-dynamic-style\" type=\"text\/css\">@media (min-width: 300px){[].tcb-post-list #post-10293 []{background-image: url(&#8220;https:\/\/www.tecnologialibredeconflicto.org\/wp-content\/plugins\/thrive-visual-editor\/editor\/css\/images\/featured_image.png&#8220;) !important;}[].tcb-post-list #post-10293 []:hover []{background-image: url(&#8220;https:\/\/www.tecnologialibredeconflicto.org\/wp-content\/plugins\/thrive-visual-editor\/editor\/css\/images\/featured_image.png&#8220;) !important;}}<\/style><a href=\"https:\/\/www.tecnologialibredeconflicto.org\/en\/alboan-at-the-basque-circular-summit-2025\/\" dynamic-postlink=\"tcb_post_the_permalink\" data-shortcode-id=\"3785\"><\/a>\n<div class=\"thrv_wrapper tve_image_caption tcb-post-author-picture tcb-dynamic-field-source\" data-css=\"tve-u-16d5db58042\">\n\t<span class=\"tve_image_frame\">\n\t\t<a href=\"https:\/\/www.tecnologialibredeconflicto.org\/en\/author\/87d6413d25fb6219\/\" rel=\"nofollow\" class=\"tve-dynamic-link\" dynamic-postlink=\"tcb_post_author_link\">\n\t\t\t<img decoding=\"async\" class=\"tve_image\" width=\"240\" data-d-f=\"author\" alt=\"Author Image\" src=\"https:\/\/secure.gravatar.com\/avatar\/9991e27ad56f262b4eb3cc4a6e412a3149a5aade20ef8db852fc32b0fc0f475c?s=256&#038;d=mm&#038;r=g\" loading=\"lazy\">\n\t\t<\/a>\n\t<\/span>\n<\/div>\n<div class=\"tcb-post-author tcb-shortcode thrv_wrapper\" data-css=\"tve-u-16d5db58045\">Eider Mamolar<\/div><p class=\"tcb-post-date tcb-shortcode thrv_wrapper\" data-type=\"published\" data-css=\"tve-u-16d5db58046\"><time>17\/03\/2025 11:33<\/time><\/p><h2 class=\"tcb-post-title tcb-shortcode thrv_wrapper\" data-css=\"tve-u-16d5db58047\"><a href=\"https:\/\/www.tecnologialibredeconflicto.org\/en\/alboan-at-the-basque-circular-summit-2025\/\" title=\"Alboan at the Basque Circular Summit 2025\" data-css=\"tve-u-16d5db58047\">Alboan at the Basque Circular Summit 2025<\/a><\/h2><\/article><article id=\"post-7820\" class=\"post-7820 post type-post status-publish format-standard has-post-thumbnail hentry category-news post-wrapper thrv_wrapper thrive-animated-item \" tcb_hover_state_parent=\"\" data-id=\"7820\" data-selector=\".post-wrapper\"><style class=\"tcb-post-list-dynamic-style\" type=\"text\/css\">@media (min-width: 300px){[].tcb-post-list #post-7820 []{background-image: url(&#8220;https:\/\/www.tecnologialibredeconflicto.org\/wp-content\/uploads\/2020\/05\/covid19-justiceinmining.jpg&#8220;) !important;}[].tcb-post-list #post-7820 []:hover []{background-image: url(&#8220;https:\/\/www.tecnologialibredeconflicto.org\/wp-content\/uploads\/2020\/05\/covid19-justiceinmining.jpg&#8220;) !important;}}<\/style><a href=\"https:\/\/www.tecnologialibredeconflicto.org\/en\/covid-19-pandemic-a-call-of-the-justice-in-mining-network-to-strengthen-cooperation-and-solidarity-with-communities-affected-by-mining\/\" dynamic-postlink=\"tcb_post_the_permalink\" data-shortcode-id=\"3785\"><\/a>\n<div class=\"thrv_wrapper tve_image_caption tcb-post-author-picture tcb-dynamic-field-source\" data-css=\"tve-u-16d5db58042\">\n\t<span class=\"tve_image_frame\">\n\t\t<a href=\"https:\/\/www.tecnologialibredeconflicto.org\/en\/author\/87d6413d25fb6219\/\" rel=\"nofollow\" class=\"tve-dynamic-link\" dynamic-postlink=\"tcb_post_author_link\">\n\t\t\t<img decoding=\"async\" class=\"tve_image\" width=\"240\" data-d-f=\"author\" alt=\"Author Image\" src=\"https:\/\/secure.gravatar.com\/avatar\/9991e27ad56f262b4eb3cc4a6e412a3149a5aade20ef8db852fc32b0fc0f475c?s=256&#038;d=mm&#038;r=g\" loading=\"lazy\">\n\t\t<\/a>\n\t<\/span>\n<\/div>\n<div class=\"tcb-post-author tcb-shortcode thrv_wrapper\" data-css=\"tve-u-16d5db58045\">Eider Mamolar<\/div><p class=\"tcb-post-date tcb-shortcode thrv_wrapper\" data-type=\"published\" data-css=\"tve-u-16d5db58046\"><time>11\/05\/2020 07:31<\/time><\/p><h2 class=\"tcb-post-title tcb-shortcode thrv_wrapper\" data-css=\"tve-u-16d5db58047\"><a href=\"https:\/\/www.tecnologialibredeconflicto.org\/en\/covid-19-pandemic-a-call-of-the-justice-in-mining-network-to-strengthen-cooperation-and-solidarity-with-communities-affected-by-mining\/\" title=\"COVID-19 pandemic: A call of the Justice in Mining Network to strengthen cooperation and solidarity with communities affected by mining\" data-css=\"tve-u-16d5db58047\">COVID-19 pandemic: A call of the Justice in Mining Network to strengthen cooperation and solidarity with communities affected by mining<\/a><\/h2><\/article><article id=\"post-7667\" class=\"post-7667 post type-post status-publish format-standard has-post-thumbnail hentry category-news post-wrapper thrv_wrapper thrive-animated-item \" tcb_hover_state_parent=\"\" data-id=\"7667\" data-selector=\".post-wrapper\"><style class=\"tcb-post-list-dynamic-style\" type=\"text\/css\">@media (min-width: 300px){[].tcb-post-list #post-7667 []{background-image: url(&#8220;https:\/\/www.tecnologialibredeconflicto.org\/wp-content\/uploads\/2020\/03\/Minas.jpg&#8220;) !important;}[].tcb-post-list #post-7667 []:hover []{background-image: url(&#8220;https:\/\/www.tecnologialibredeconflicto.org\/wp-content\/uploads\/2020\/03\/Minas.jpg&#8220;) !important;}}<\/style><a href=\"https:\/\/www.tecnologialibredeconflicto.org\/en\/civil-society-calls-for-transparency-on-the-companies-subjected-to-the-european-unions-regulation-on-the-supply-of-3tg-minerals\/\" dynamic-postlink=\"tcb_post_the_permalink\" data-shortcode-id=\"3785\"><\/a>\n<div class=\"thrv_wrapper tve_image_caption tcb-post-author-picture tcb-dynamic-field-source\" data-css=\"tve-u-16d5db58042\">\n\t<span class=\"tve_image_frame\">\n\t\t<a href=\"https:\/\/www.tecnologialibredeconflicto.org\/en\/author\/87d6413d25fb6219\/\" rel=\"nofollow\" class=\"tve-dynamic-link\" dynamic-postlink=\"tcb_post_author_link\">\n\t\t\t<img decoding=\"async\" class=\"tve_image\" width=\"240\" data-d-f=\"author\" alt=\"Author Image\" src=\"https:\/\/secure.gravatar.com\/avatar\/9991e27ad56f262b4eb3cc4a6e412a3149a5aade20ef8db852fc32b0fc0f475c?s=256&#038;d=mm&#038;r=g\" loading=\"lazy\">\n\t\t<\/a>\n\t<\/span>\n<\/div>\n<div class=\"tcb-post-author tcb-shortcode thrv_wrapper\" data-css=\"tve-u-16d5db58045\">Eider Mamolar<\/div><p class=\"tcb-post-date tcb-shortcode thrv_wrapper\" data-type=\"published\" data-css=\"tve-u-16d5db58046\"><time>04\/03\/2020 11:35<\/time><\/p><h2 class=\"tcb-post-title tcb-shortcode thrv_wrapper\" data-css=\"tve-u-16d5db58047\"><a href=\"https:\/\/www.tecnologialibredeconflicto.org\/en\/civil-society-calls-for-transparency-on-the-companies-subjected-to-the-european-unions-regulation-on-the-supply-of-3tg-minerals\/\" title=\"Civil society calls for transparency on the companies subjected to the European Union\u2019s Regulation on the supply of 3TG minerals\" data-css=\"tve-u-16d5db58047\">Civil society calls for transparency on the companies subjected to the European Union\u2019s Regulation on the supply of 3TG minerals<\/a><\/h2><\/article><article id=\"post-3785\" class=\"post-3785 post type-post status-publish format-standard has-post-thumbnail hentry category-news post-wrapper thrv_wrapper thrive-animated-item \" tcb_hover_state_parent=\"\" data-id=\"3785\" data-selector=\".post-wrapper\"><style class=\"tcb-post-list-dynamic-style\" type=\"text\/css\">@media (min-width: 300px){[].tcb-post-list #post-3785 []{background-image: url(&#8220;https:\/\/www.tecnologialibredeconflicto.org\/wp-content\/uploads\/2018\/12\/foro-social-mineria.jpg&#8220;) !important;}[].tcb-post-list #post-3785 []:hover []{background-image: url(&#8220;https:\/\/www.tecnologialibredeconflicto.org\/wp-content\/uploads\/2018\/12\/foro-social-mineria.jpg&#8220;) !important;}}<\/style><a href=\"https:\/\/www.tecnologialibredeconflicto.org\/en\/alboan-at-the-thematic-social-forum-on-mining-and-the-extractivist-economy\/\" dynamic-postlink=\"tcb_post_the_permalink\" data-shortcode-id=\"3785\"><\/a>\n<div class=\"thrv_wrapper tve_image_caption tcb-post-author-picture tcb-dynamic-field-source\" data-css=\"tve-u-16d5db58042\">\n\t<span class=\"tve_image_frame\">\n\t\t<a href=\"https:\/\/www.tecnologialibredeconflicto.org\/en\/author\/9a9de3e16decc741\/\" rel=\"nofollow\" class=\"tve-dynamic-link\" dynamic-postlink=\"tcb_post_author_link\">\n\t\t\t<img decoding=\"async\" class=\"tve_image\" width=\"240\" data-d-f=\"author\" alt=\"Author Image\" src=\"https:\/\/secure.gravatar.com\/avatar\/174899e15bb9f0b34f65d33f48d526280d4c08638b8a7e70d060027959a49e10?s=256&#038;d=mm&#038;r=g\" loading=\"lazy\">\n\t\t<\/a>\n\t<\/span>\n<\/div>\n<div class=\"tcb-post-author tcb-shortcode thrv_wrapper\" data-css=\"tve-u-16d5db58045\">alboan<\/div><p class=\"tcb-post-date tcb-shortcode thrv_wrapper\" data-type=\"published\" data-css=\"tve-u-16d5db58046\"><time>10\/12\/2018 12:24<\/time><\/p><h2 class=\"tcb-post-title tcb-shortcode thrv_wrapper\" data-css=\"tve-u-16d5db58047\"><a href=\"https:\/\/www.tecnologialibredeconflicto.org\/en\/alboan-at-the-thematic-social-forum-on-mining-and-the-extractivist-economy\/\" title=\"ALBOAN at the Thematic Social Forum on Mining and the Extractivist Economy\" data-css=\"tve-u-16d5db58047\">ALBOAN at the Thematic Social Forum on Mining and the Extractivist Economy<\/a><\/h2><\/article><\/div>\n","protected":false},"excerpt":{"rendered":"<p>SIGN We want a European directive that will effectively prevent the international minerals trade from fuelling armed conflicts. PUBLICISE THE CAMPAIGN The more people there are, the louder our voice will be. Share. What is Conflict-free Technology? A campaign to break the links between technology and violence \u201cConflict-free Technology\u201d is a campaign launched by the&#8230;<\/p>\n","protected":false},"author":7,"featured_media":0,"parent":0,"menu_order":0,"comment_status":"closed","ping_status":"closed","template":"full-width-page.php","meta":{"_exactmetrics_skip_tracking":false,"_exactmetrics_sitenote_active":false,"_exactmetrics_sitenote_note":"","_exactmetrics_sitenote_category":0,"footnotes":""},"class_list":["post-6531","page","type-page","status-publish","hentry","post-wrapper","thrv_wrapper","thrive-animated-item"],"yoast_head":"<!-- This site is optimized with the Yoast SEO plugin v27.3 - https:\/\/yoast.com\/product\/yoast-seo-wordpress\/ -->\n<title>home - Tecnolog\u00eda Libre de Conflicto - Alboan<\/title>\n<meta name=\"robots\" content=\"index, follow, max-snippet:-1, max-image-preview:large, max-video-preview:-1\" \/>\n<link rel=\"canonical\" href=\"https:\/\/www.tecnologialibredeconflicto.org\/en\/\" \/>\n<meta property=\"og:locale\" content=\"en_US\" \/>\n<meta property=\"og:type\" content=\"article\" \/>\n<meta property=\"og:title\" content=\"home - Tecnolog\u00eda Libre de Conflicto - Alboan\" \/>\n<meta property=\"og:description\" content=\"SIGN We want a European directive that will effectively prevent the international minerals trade from fuelling armed conflicts. PUBLICISE THE CAMPAIGN The more people there are, the louder our voice will be. Share. What is Conflict-free Technology? A campaign to break the links between technology and violence \u201cConflict-free Technology\u201d is a campaign launched by the...\" \/>\n<meta property=\"og:url\" content=\"https:\/\/www.tecnologialibredeconflicto.org\/en\/\" \/>\n<meta property=\"og:site_name\" content=\"Tecnolog\u00eda Libre de Conflicto - Alboan\" \/>\n<meta property=\"article:publisher\" content=\"http:\/\/facebook.com\/alboan\" \/>\n<meta property=\"article:modified_time\" content=\"2019-09-23T14:43:01+00:00\" \/>\n<meta property=\"og:image\" content=\"https:\/\/www.tecnologialibredeconflicto.org\/wp-content\/uploads\/2019\/09\/LQTME_EN.png\" \/>\n<meta name=\"twitter:card\" content=\"summary_large_image\" \/>\n<meta name=\"twitter:site\" content=\"@ALBOANongd\" \/>\n<meta name=\"twitter:label1\" content=\"Est. reading time\" \/>\n\t<meta name=\"twitter:data1\" content=\"2 minutes\" \/>\n<script type=\"application\/ld+json\" class=\"yoast-schema-graph\">{\"@context\":\"https:\\\/\\\/schema.org\",\"@graph\":[{\"@type\":\"WebPage\",\"@id\":\"https:\\\/\\\/www.tecnologialibredeconflicto.org\\\/en\\\/\",\"url\":\"https:\\\/\\\/www.tecnologialibredeconflicto.org\\\/en\\\/\",\"name\":\"home - Tecnolog\u00eda Libre de Conflicto - Alboan\",\"isPartOf\":{\"@id\":\"https:\\\/\\\/www.tecnologialibredeconflicto.org\\\/en\\\/#website\"},\"primaryImageOfPage\":{\"@id\":\"https:\\\/\\\/www.tecnologialibredeconflicto.org\\\/en\\\/#primaryimage\"},\"image\":{\"@id\":\"https:\\\/\\\/www.tecnologialibredeconflicto.org\\\/en\\\/#primaryimage\"},\"thumbnailUrl\":\"http:\\\/\\\/www.tecnologialibredeconflicto.org\\\/wp-content\\\/uploads\\\/2019\\\/09\\\/LQTME_EN.png\",\"datePublished\":\"2019-09-23T10:21:40+00:00\",\"dateModified\":\"2019-09-23T14:43:01+00:00\",\"breadcrumb\":{\"@id\":\"https:\\\/\\\/www.tecnologialibredeconflicto.org\\\/en\\\/#breadcrumb\"},\"inLanguage\":\"en-US\",\"potentialAction\":[{\"@type\":\"ReadAction\",\"target\":[\"https:\\\/\\\/www.tecnologialibredeconflicto.org\\\/en\\\/\"]}]},{\"@type\":\"ImageObject\",\"inLanguage\":\"en-US\",\"@id\":\"https:\\\/\\\/www.tecnologialibredeconflicto.org\\\/en\\\/#primaryimage\",\"url\":\"http:\\\/\\\/www.tecnologialibredeconflicto.org\\\/wp-content\\\/uploads\\\/2019\\\/09\\\/LQTME_EN.png\",\"contentUrl\":\"http:\\\/\\\/www.tecnologialibredeconflicto.org\\\/wp-content\\\/uploads\\\/2019\\\/09\\\/LQTME_EN.png\"},{\"@type\":\"BreadcrumbList\",\"@id\":\"https:\\\/\\\/www.tecnologialibredeconflicto.org\\\/en\\\/#breadcrumb\",\"itemListElement\":[{\"@type\":\"ListItem\",\"position\":1,\"name\":\"Portada\",\"item\":\"https:\\\/\\\/www.tecnologialibredeconflicto.org\\\/en\\\/\"},{\"@type\":\"ListItem\",\"position\":2,\"name\":\"home\"}]},{\"@type\":\"WebSite\",\"@id\":\"https:\\\/\\\/www.tecnologialibredeconflicto.org\\\/en\\\/#website\",\"url\":\"https:\\\/\\\/www.tecnologialibredeconflicto.org\\\/en\\\/\",\"name\":\"Tecnolog\u00eda Libre de Conflicto - Alboan\",\"description\":\"Descubre la conexi\u00f3n entre tu m\u00f3vil y la guerra en el Congo.\",\"potentialAction\":[{\"@type\":\"SearchAction\",\"target\":{\"@type\":\"EntryPoint\",\"urlTemplate\":\"https:\\\/\\\/www.tecnologialibredeconflicto.org\\\/en\\\/?s={search_term_string}\"},\"query-input\":{\"@type\":\"PropertyValueSpecification\",\"valueRequired\":true,\"valueName\":\"search_term_string\"}}],\"inLanguage\":\"en-US\"}]}<\/script>\n<!-- \/ Yoast SEO plugin. -->","yoast_head_json":{"title":"home - Tecnolog\u00eda Libre de Conflicto - Alboan","robots":{"index":"index","follow":"follow","max-snippet":"max-snippet:-1","max-image-preview":"max-image-preview:large","max-video-preview":"max-video-preview:-1"},"canonical":"https:\/\/www.tecnologialibredeconflicto.org\/en\/","og_locale":"en_US","og_type":"article","og_title":"home - Tecnolog\u00eda Libre de Conflicto - Alboan","og_description":"SIGN We want a European directive that will effectively prevent the international minerals trade from fuelling armed conflicts. PUBLICISE THE CAMPAIGN The more people there are, the louder our voice will be. Share. What is Conflict-free Technology? A campaign to break the links between technology and violence \u201cConflict-free Technology\u201d is a campaign launched by the...","og_url":"https:\/\/www.tecnologialibredeconflicto.org\/en\/","og_site_name":"Tecnolog\u00eda Libre de Conflicto - Alboan","article_publisher":"http:\/\/facebook.com\/alboan","article_modified_time":"2019-09-23T14:43:01+00:00","og_image":[{"url":"https:\/\/www.tecnologialibredeconflicto.org\/wp-content\/uploads\/2019\/09\/LQTME_EN.png","type":"","width":"","height":""}],"twitter_card":"summary_large_image","twitter_site":"@ALBOANongd","twitter_misc":{"Est. reading time":"2 minutes"},"schema":{"@context":"https:\/\/schema.org","@graph":[{"@type":"WebPage","@id":"https:\/\/www.tecnologialibredeconflicto.org\/en\/","url":"https:\/\/www.tecnologialibredeconflicto.org\/en\/","name":"home - Tecnolog\u00eda Libre de Conflicto - Alboan","isPartOf":{"@id":"https:\/\/www.tecnologialibredeconflicto.org\/en\/#website"},"primaryImageOfPage":{"@id":"https:\/\/www.tecnologialibredeconflicto.org\/en\/#primaryimage"},"image":{"@id":"https:\/\/www.tecnologialibredeconflicto.org\/en\/#primaryimage"},"thumbnailUrl":"https:\/\/www.tecnologialibredeconflicto.org\/wp-content\/uploads\/2019\/09\/LQTME_EN.png","datePublished":"2019-09-23T10:21:40+00:00","dateModified":"2019-09-23T14:43:01+00:00","breadcrumb":{"@id":"https:\/\/www.tecnologialibredeconflicto.org\/en\/#breadcrumb"},"inLanguage":"en-US","potentialAction":[{"@type":"ReadAction","target":["https:\/\/www.tecnologialibredeconflicto.org\/en\/"]}]},{"@type":"ImageObject","inLanguage":"en-US","@id":"https:\/\/www.tecnologialibredeconflicto.org\/en\/#primaryimage","url":"https:\/\/www.tecnologialibredeconflicto.org\/wp-content\/uploads\/2019\/09\/LQTME_EN.png","contentUrl":"https:\/\/www.tecnologialibredeconflicto.org\/wp-content\/uploads\/2019\/09\/LQTME_EN.png"},{"@type":"BreadcrumbList","@id":"https:\/\/www.tecnologialibredeconflicto.org\/en\/#breadcrumb","itemListElement":[{"@type":"ListItem","position":1,"name":"Portada","item":"https:\/\/www.tecnologialibredeconflicto.org\/en\/"},{"@type":"ListItem","position":2,"name":"home"}]},{"@type":"WebSite","@id":"https:\/\/www.tecnologialibredeconflicto.org\/en\/#website","url":"https:\/\/www.tecnologialibredeconflicto.org\/en\/","name":"Tecnolog\u00eda Libre de Conflicto - Alboan","description":"Descubre la conexi\u00f3n entre tu m\u00f3vil y la guerra en el Congo.","potentialAction":[{"@type":"SearchAction","target":{"@type":"EntryPoint","urlTemplate":"https:\/\/www.tecnologialibredeconflicto.org\/en\/?s={search_term_string}"},"query-input":{"@type":"PropertyValueSpecification","valueRequired":true,"valueName":"search_term_string"}}],"inLanguage":"en-US"}]}},"_links":{"self":[{"href":"https:\/\/www.tecnologialibredeconflicto.org\/en\/wp-json\/wp\/v2\/pages\/6531","targetHints":{"allow":["GET"]}}],"collection":[{"href":"https:\/\/www.tecnologialibredeconflicto.org\/en\/wp-json\/wp\/v2\/pages"}],"about":[{"href":"https:\/\/www.tecnologialibredeconflicto.org\/en\/wp-json\/wp\/v2\/types\/page"}],"author":[{"embeddable":true,"href":"https:\/\/www.tecnologialibredeconflicto.org\/en\/wp-json\/wp\/v2\/users\/7"}],"replies":[{"embeddable":true,"href":"https:\/\/www.tecnologialibredeconflicto.org\/en\/wp-json\/wp\/v2\/comments?post=6531"}],"version-history":[{"count":3,"href":"https:\/\/www.tecnologialibredeconflicto.org\/en\/wp-json\/wp\/v2\/pages\/6531\/revisions"}],"predecessor-version":[{"id":6567,"href":"https:\/\/www.tecnologialibredeconflicto.org\/en\/wp-json\/wp\/v2\/pages\/6531\/revisions\/6567"}],"wp:attachment":[{"href":"https:\/\/www.tecnologialibredeconflicto.org\/en\/wp-json\/wp\/v2\/media?parent=6531"}],"curies":[{"name":"wp","href":"https:\/\/api.w.org\/{rel}","templated":true}]}}