{"id":8704,"date":"2020-09-02T19:04:09","date_gmt":"2020-09-02T18:04:09","guid":{"rendered":"https:\/\/www.tecnologialibredeconflicto.org\/?page_id=8704"},"modified":"2021-06-11T10:56:54","modified_gmt":"2021-06-11T09:56:54","slug":"political-advocacy","status":"publish","type":"page","link":"https:\/\/www.tecnologialibredeconflicto.org\/en\/political-advocacy\/","title":{"rendered":"Political Advocacy"},"content":{"rendered":"<h2>INVESTIGACIONES<\/h2>\n<div class=\"toggle\">\n\t\t\t\t<h4 class=\"toggle-title\"><strong>Investigaci\u00f3n Colombia - La miner\u00eda de Oro en el Sur de C\u00f3rdoba, Nov 2019<\/strong><span><\/span><\/h4>\n\t\t\t\t<div class=\"toggle-content\"><p><a href=\"https:\/\/www.tecnologialibredeconflicto.org\/wp-content\/uploads\/documentos\/ALBOAN-MineriaColombia-en.pdf\">Gold Mining and local communities in Southern C\u00f3rdoba in Colombia, the case of El Alacr\u00e1n mine<\/a><\/p><\/div>\n\t\t\t<\/div>\n<div class=\"toggle\">\n\t\t\t\t<h4 class=\"toggle-title\"><strong>Documento de acompa\u00f1amiento - Recomendaciones pol\u00edticas sobre la Diligencia debida<\/strong><span><\/span><\/h4>\n\t\t\t\t<div class=\"toggle-content\"><p><a href=\"https:\/\/www.alboan.org\/sites\/default\/files\/joint_policypaper_gold_colombia_hhrr_eng_0.pdf\">Gold Mining, Human Rights and Due Diligence in Colombia<\/a><\/p><\/div>\n\t\t\t<\/div>\n<h2>POSICIONAMIENTOS POL\u00cdTICOS EMPRESAS Y DERECHOS HUMANOS<\/h2>\n<div class=\"toggle\">\n\t\t\t\t<h4 class=\"toggle-title\"><strong>Regulaci\u00f3n Minerales en Conflicto<\/strong><span><\/span><\/h4>\n\t\t\t\t<div class=\"toggle-content\"><p><strong><b>Junio 2021<\/b>\u00a0&#8211;<\/strong> The EU Conflict Minerals Regulation Implementation at the EU Member State level &#8211; Review Paper <a href=\"https:\/\/www.tecnologialibredeconflicto.org\/wp-content\/uploads\/2021\/06\/202106_CoreGroup_ReviewPaper_3TG_implementation_MemberStates.pdf\">[ENG]<\/a><\/p>\n<p><strong>Marzo 2020 &#8211; <\/strong>Ensuring transparency in the implementation of the European Union\u2019s Regulation on the supply of 3TG minerals [<a href=\"https:\/\/www.tecnologialibredeconflicto.org\/wp-content\/uploads\/documentos\/2020Marzo-ENG-Policy-Note_Transparency.pdf\">ENG<\/a>]\n<p><strong>Abril 2019<\/strong> &#8211; Ensuring the proper implementation of the EU Regulation on the responsible sourcing of minerals from conflict-affected and high-risk areas [<a href=\"https:\/\/www.tecnologialibredeconflicto.org\/wp-content\/uploads\/documentos\/2019April-ENG-Policy-Note_Implementation-EU-Regulation-Conflict-Minerals.pdf\">ENG<\/a>]\n<p><strong>Marzo 2018<\/strong> &#8211; Advice note to Companies, Member States, and the European Commission\u00a0&#8211; Implementation of the EU Regulation [<a href=\"https:\/\/www.tecnologialibredeconflicto.org\/wp-content\/uploads\/documentos\/2018Marzo-ENG-Civil-society-note-on-implementation-of-EU-responsible-mineral-sourcing-regulationENG.pdf\">ENG<\/a>]\n<p><strong>\u00a0Octubre 2015<\/strong> &#8211; EU Regulation on Responsible Mineral Sourcing: Implementing the Parliament\u2019s Proposed Due Diligence System [<a href=\"https:\/\/www.tecnologialibredeconflicto.org\/wp-content\/uploads\/documentos\/2015Oct-ENG-NGOCoalitionBriefing-EURegulationonResponsibleMineralSourcing.pdf\">ENG<\/a>]<\/div>\n\t\t\t<\/div>\n","protected":false},"excerpt":{"rendered":"<p>INVESTIGACIONES POSICIONAMIENTOS POL\u00cdTICOS EMPRESAS Y DERECHOS HUMANOS<\/p>\n","protected":false},"author":7,"featured_media":0,"parent":0,"menu_order":0,"comment_status":"closed","ping_status":"closed","template":"","meta":{"_exactmetrics_skip_tracking":false,"_exactmetrics_sitenote_active":false,"_exactmetrics_sitenote_note":"","_exactmetrics_sitenote_category":0,"footnotes":""},"class_list":["post-8704","page","type-page","status-publish","hentry"],"yoast_head":"<!-- This site is optimized with the Yoast SEO plugin v27.3 - https:\/\/yoast.com\/product\/yoast-seo-wordpress\/ -->\n<title>Political Advocacy - Tecnolog\u00eda Libre de Conflicto - Alboan<\/title>\n<meta name=\"robots\" content=\"index, follow, max-snippet:-1, max-image-preview:large, max-video-preview:-1\" \/>\n<link rel=\"canonical\" href=\"https:\/\/www.tecnologialibredeconflicto.org\/en\/political-advocacy\/\" \/>\n<meta property=\"og:locale\" content=\"en_US\" \/>\n<meta property=\"og:type\" content=\"article\" \/>\n<meta property=\"og:title\" content=\"Political Advocacy - Tecnolog\u00eda Libre de Conflicto - Alboan\" \/>\n<meta property=\"og:description\" content=\"INVESTIGACIONES POSICIONAMIENTOS POL\u00cdTICOS EMPRESAS Y DERECHOS HUMANOS\" \/>\n<meta property=\"og:url\" content=\"https:\/\/www.tecnologialibredeconflicto.org\/en\/political-advocacy\/\" \/>\n<meta property=\"og:site_name\" content=\"Tecnolog\u00eda Libre de Conflicto - Alboan\" \/>\n<meta property=\"article:publisher\" content=\"http:\/\/facebook.com\/alboan\" \/>\n<meta property=\"article:modified_time\" content=\"2021-06-11T09:56:54+00:00\" \/>\n<meta name=\"twitter:card\" content=\"summary_large_image\" \/>\n<meta name=\"twitter:site\" content=\"@ALBOANongd\" \/>\n<meta name=\"twitter:label1\" content=\"Est. reading time\" \/>\n\t<meta name=\"twitter:data1\" content=\"1 minute\" \/>\n<script type=\"application\/ld+json\" class=\"yoast-schema-graph\">{\"@context\":\"https:\\\/\\\/schema.org\",\"@graph\":[{\"@type\":\"WebPage\",\"@id\":\"https:\\\/\\\/www.tecnologialibredeconflicto.org\\\/en\\\/political-advocacy\\\/\",\"url\":\"https:\\\/\\\/www.tecnologialibredeconflicto.org\\\/en\\\/political-advocacy\\\/\",\"name\":\"Political Advocacy - Tecnolog\u00eda Libre de Conflicto - Alboan\",\"isPartOf\":{\"@id\":\"https:\\\/\\\/www.tecnologialibredeconflicto.org\\\/en\\\/#website\"},\"datePublished\":\"2020-09-02T18:04:09+00:00\",\"dateModified\":\"2021-06-11T09:56:54+00:00\",\"breadcrumb\":{\"@id\":\"https:\\\/\\\/www.tecnologialibredeconflicto.org\\\/en\\\/political-advocacy\\\/#breadcrumb\"},\"inLanguage\":\"en-US\",\"potentialAction\":[{\"@type\":\"ReadAction\",\"target\":[\"https:\\\/\\\/www.tecnologialibredeconflicto.org\\\/en\\\/political-advocacy\\\/\"]}]},{\"@type\":\"BreadcrumbList\",\"@id\":\"https:\\\/\\\/www.tecnologialibredeconflicto.org\\\/en\\\/political-advocacy\\\/#breadcrumb\",\"itemListElement\":[{\"@type\":\"ListItem\",\"position\":1,\"name\":\"Portada\",\"item\":\"https:\\\/\\\/www.tecnologialibredeconflicto.org\\\/en\\\/\"},{\"@type\":\"ListItem\",\"position\":2,\"name\":\"Political Advocacy\"}]},{\"@type\":\"WebSite\",\"@id\":\"https:\\\/\\\/www.tecnologialibredeconflicto.org\\\/en\\\/#website\",\"url\":\"https:\\\/\\\/www.tecnologialibredeconflicto.org\\\/en\\\/\",\"name\":\"Tecnolog\u00eda Libre de Conflicto - Alboan\",\"description\":\"Descubre la conexi\u00f3n entre tu m\u00f3vil y la guerra en el Congo.\",\"potentialAction\":[{\"@type\":\"SearchAction\",\"target\":{\"@type\":\"EntryPoint\",\"urlTemplate\":\"https:\\\/\\\/www.tecnologialibredeconflicto.org\\\/en\\\/?s={search_term_string}\"},\"query-input\":{\"@type\":\"PropertyValueSpecification\",\"valueRequired\":true,\"valueName\":\"search_term_string\"}}],\"inLanguage\":\"en-US\"}]}<\/script>\n<!-- \/ Yoast SEO plugin. -->","yoast_head_json":{"title":"Political Advocacy - Tecnolog\u00eda Libre de Conflicto - Alboan","robots":{"index":"index","follow":"follow","max-snippet":"max-snippet:-1","max-image-preview":"max-image-preview:large","max-video-preview":"max-video-preview:-1"},"canonical":"https:\/\/www.tecnologialibredeconflicto.org\/en\/political-advocacy\/","og_locale":"en_US","og_type":"article","og_title":"Political Advocacy - Tecnolog\u00eda Libre de Conflicto - Alboan","og_description":"INVESTIGACIONES POSICIONAMIENTOS POL\u00cdTICOS EMPRESAS Y DERECHOS HUMANOS","og_url":"https:\/\/www.tecnologialibredeconflicto.org\/en\/political-advocacy\/","og_site_name":"Tecnolog\u00eda Libre de Conflicto - Alboan","article_publisher":"http:\/\/facebook.com\/alboan","article_modified_time":"2021-06-11T09:56:54+00:00","twitter_card":"summary_large_image","twitter_site":"@ALBOANongd","twitter_misc":{"Est. reading time":"1 minute"},"schema":{"@context":"https:\/\/schema.org","@graph":[{"@type":"WebPage","@id":"https:\/\/www.tecnologialibredeconflicto.org\/en\/political-advocacy\/","url":"https:\/\/www.tecnologialibredeconflicto.org\/en\/political-advocacy\/","name":"Political Advocacy - Tecnolog\u00eda Libre de Conflicto - Alboan","isPartOf":{"@id":"https:\/\/www.tecnologialibredeconflicto.org\/en\/#website"},"datePublished":"2020-09-02T18:04:09+00:00","dateModified":"2021-06-11T09:56:54+00:00","breadcrumb":{"@id":"https:\/\/www.tecnologialibredeconflicto.org\/en\/political-advocacy\/#breadcrumb"},"inLanguage":"en-US","potentialAction":[{"@type":"ReadAction","target":["https:\/\/www.tecnologialibredeconflicto.org\/en\/political-advocacy\/"]}]},{"@type":"BreadcrumbList","@id":"https:\/\/www.tecnologialibredeconflicto.org\/en\/political-advocacy\/#breadcrumb","itemListElement":[{"@type":"ListItem","position":1,"name":"Portada","item":"https:\/\/www.tecnologialibredeconflicto.org\/en\/"},{"@type":"ListItem","position":2,"name":"Political Advocacy"}]},{"@type":"WebSite","@id":"https:\/\/www.tecnologialibredeconflicto.org\/en\/#website","url":"https:\/\/www.tecnologialibredeconflicto.org\/en\/","name":"Tecnolog\u00eda Libre de Conflicto - Alboan","description":"Descubre la conexi\u00f3n entre tu m\u00f3vil y la guerra en el Congo.","potentialAction":[{"@type":"SearchAction","target":{"@type":"EntryPoint","urlTemplate":"https:\/\/www.tecnologialibredeconflicto.org\/en\/?s={search_term_string}"},"query-input":{"@type":"PropertyValueSpecification","valueRequired":true,"valueName":"search_term_string"}}],"inLanguage":"en-US"}]}},"_links":{"self":[{"href":"https:\/\/www.tecnologialibredeconflicto.org\/en\/wp-json\/wp\/v2\/pages\/8704","targetHints":{"allow":["GET"]}}],"collection":[{"href":"https:\/\/www.tecnologialibredeconflicto.org\/en\/wp-json\/wp\/v2\/pages"}],"about":[{"href":"https:\/\/www.tecnologialibredeconflicto.org\/en\/wp-json\/wp\/v2\/types\/page"}],"author":[{"embeddable":true,"href":"https:\/\/www.tecnologialibredeconflicto.org\/en\/wp-json\/wp\/v2\/users\/7"}],"replies":[{"embeddable":true,"href":"https:\/\/www.tecnologialibredeconflicto.org\/en\/wp-json\/wp\/v2\/comments?post=8704"}],"version-history":[{"count":3,"href":"https:\/\/www.tecnologialibredeconflicto.org\/en\/wp-json\/wp\/v2\/pages\/8704\/revisions"}],"predecessor-version":[{"id":9279,"href":"https:\/\/www.tecnologialibredeconflicto.org\/en\/wp-json\/wp\/v2\/pages\/8704\/revisions\/9279"}],"wp:attachment":[{"href":"https:\/\/www.tecnologialibredeconflicto.org\/en\/wp-json\/wp\/v2\/media?parent=8704"}],"curies":[{"name":"wp","href":"https:\/\/api.w.org\/{rel}","templated":true}]}}