{"id":8701,"date":"2020-09-02T19:01:44","date_gmt":"2020-09-02T18:01:44","guid":{"rendered":"https:\/\/www.tecnologialibredeconflicto.org\/?page_id=8701"},"modified":"2020-09-02T19:01:44","modified_gmt":"2020-09-02T18:01:44","slug":"eragin-politikoa","status":"publish","type":"page","link":"https:\/\/www.tecnologialibredeconflicto.org\/eu\/eragin-politikoa\/","title":{"rendered":"Eragin politikoa"},"content":{"rendered":"<h2>COMPRA P\u00daBLICA \u00c9TICA<\/h2>\n<div class=\"toggle\">\n\t\t\t\t<h4 class=\"toggle-title\"><strong>Produktu Elektorikoen Erosketa Publiko Etikoa<\/strong><span><\/span><\/h4>\n\t\t\t\t<div class=\"toggle-content\"><p><a href=\"https:\/\/www.tecnologialibredeconflicto.org\/wp-content\/uploads\/recursos\/Erosketa-Etikoa-Gataskarik-gabeko-teknologia-ALBOANen-kanpaina.pdf\">Produktu Elektorikoen Erosketa Publiko Etikoa<\/a><\/p><\/div>\n\t\t\t<\/div>\n<div class=\"toggle\">\n\t\t\t\t<h4 class=\"toggle-title\"><strong>Produktu Elektronikoak Arduraz Kontsumitzeko Gida<\/strong><span><\/span><\/h4>\n\t\t\t\t<div class=\"toggle-content\"><p><a href=\"https:\/\/www.tecnologialibredeconflicto.org\/wp-content\/uploads\/pdf\/GUIA-CONSUMO-RESPONSABLE_EUSK.pdf\">Produktu Elektronikoak Arduraz Kontsumitzeko Gida<\/a><\/p><\/div>\n\t\t\t<\/div>\n<div class=\"toggle\">\n\t\t\t\t<h4 class=\"toggle-title\"><strong>Produktu elektronikoen erosketa publiko arduratsurako gida<\/strong><span><\/span><\/h4>\n\t\t\t\t<div class=\"toggle-content\"><p><a href=\"https:\/\/www.tecnologialibredeconflicto.org\/wp-content\/uploads\/recursos\/Guia-CPE_TLC-euskera.pdf\">Produktu elektronikoen erosketa publiko arduratsurako gida<\/a><\/p><\/div>\n\t\t\t<\/div>\n<p>&nbsp;<\/p>\n<h2>INVESTIGACIONES<\/h2>\n<div class=\"toggle\">\n\t\t\t\t<h4 class=\"toggle-title\"><strong>Investigaci\u00f3n Congo \u2013 Mujeres y Miner\u00eda Artesanal, SEPT 2017<\/strong><span><\/span><\/h4>\n\t\t\t\t<div class=\"toggle-content\"><p><a href=\"https:\/\/www.tecnologialibredeconflicto.org\/wp-content\/uploads\/2017\/12\/ALBOAN-Mujeres-y-mineria-EUS.pdf\">Emakumeak eta artisau meatzaritza<\/a><\/p><\/div>\n\t\t\t<\/div>\n<div class=\"toggle\">\n\t\t\t\t<h4 class=\"toggle-title\"><strong>Investigaci\u00f3n Colombia - La miner\u00eda de Oro en el Sur de C\u00f3rdoba, Nov 2019<\/strong><span><\/span><\/h4>\n\t\t\t\t<div class=\"toggle-content\"><p><a href=\"https:\/\/www.tecnologialibredeconflicto.org\/wp-content\/uploads\/documentos\/ALBOAN-MineriaColombia-eus.pdf\">Kordobako hegoaldeko (Kolonbia) urre-meatzeak eta tokiko erkidegoak, El Alacr\u00e1n meatzearen kasua<\/a><\/p><\/div>\n\t\t\t<\/div>\n<div class=\"toggle\">\n\t\t\t\t<h4 class=\"toggle-title\"><strong>Documento de acompa\u00f1amiento - Recomendaciones pol\u00edticas sobre la Diligencia debida<\/strong><span><\/span><\/h4>\n\t\t\t\t<div class=\"toggle-content\"><p><a href=\"https:\/\/www.alboan.org\/sites\/default\/files\/joint_policypaper_gold_colombia_hhrr_eus.pdf\">Urre meatzaritza, giza eskubideak, eta nahitaezko eginbidea Kolonbian<\/a><\/p><\/div>\n\t\t\t<\/div>\n","protected":false},"excerpt":{"rendered":"<p>COMPRA P\u00daBLICA \u00c9TICA &nbsp; INVESTIGACIONES<\/p>\n","protected":false},"author":7,"featured_media":0,"parent":0,"menu_order":0,"comment_status":"closed","ping_status":"closed","template":"","meta":{"_exactmetrics_skip_tracking":false,"_exactmetrics_sitenote_active":false,"_exactmetrics_sitenote_note":"","_exactmetrics_sitenote_category":0,"footnotes":""},"class_list":["post-8701","page","type-page","status-publish","hentry"],"yoast_head":"<!-- This site is optimized with the Yoast SEO plugin v27.3 - https:\/\/yoast.com\/product\/yoast-seo-wordpress\/ -->\n<title>Eragin politikoa - Gatazkarik Gabeko Teknologia - Alboan<\/title>\n<meta name=\"robots\" content=\"index, follow, max-snippet:-1, max-image-preview:large, max-video-preview:-1\" \/>\n<link rel=\"canonical\" href=\"https:\/\/www.tecnologialibredeconflicto.org\/eu\/eragin-politikoa\/\" \/>\n<meta property=\"og:locale\" content=\"en_US\" \/>\n<meta property=\"og:type\" content=\"article\" \/>\n<meta property=\"og:title\" content=\"Eragin politikoa - Gatazkarik Gabeko Teknologia - Alboan\" \/>\n<meta property=\"og:description\" content=\"COMPRA P\u00daBLICA \u00c9TICA &nbsp; INVESTIGACIONES\" \/>\n<meta property=\"og:url\" content=\"https:\/\/www.tecnologialibredeconflicto.org\/eu\/eragin-politikoa\/\" \/>\n<meta property=\"og:site_name\" content=\"Gatazkarik Gabeko Teknologia - Alboan\" \/>\n<meta property=\"article:publisher\" content=\"http:\/\/facebook.com\/alboan\" \/>\n<meta name=\"twitter:card\" content=\"summary_large_image\" \/>\n<meta name=\"twitter:site\" content=\"@ALBOANongd\" \/>\n<meta name=\"twitter:label1\" content=\"Est. reading time\" \/>\n\t<meta name=\"twitter:data1\" content=\"1 minutua\" \/>\n<script type=\"application\/ld+json\" class=\"yoast-schema-graph\">{\"@context\":\"https:\\\/\\\/schema.org\",\"@graph\":[{\"@type\":\"WebPage\",\"@id\":\"https:\\\/\\\/www.tecnologialibredeconflicto.org\\\/eu\\\/eragin-politikoa\\\/\",\"url\":\"https:\\\/\\\/www.tecnologialibredeconflicto.org\\\/eu\\\/eragin-politikoa\\\/\",\"name\":\"Eragin politikoa - Gatazkarik Gabeko Teknologia - Alboan\",\"isPartOf\":{\"@id\":\"https:\\\/\\\/www.tecnologialibredeconflicto.org\\\/eu\\\/#website\"},\"datePublished\":\"2020-09-02T18:01:44+00:00\",\"breadcrumb\":{\"@id\":\"https:\\\/\\\/www.tecnologialibredeconflicto.org\\\/eu\\\/eragin-politikoa\\\/#breadcrumb\"},\"inLanguage\":\"eu\",\"potentialAction\":[{\"@type\":\"ReadAction\",\"target\":[\"https:\\\/\\\/www.tecnologialibredeconflicto.org\\\/eu\\\/eragin-politikoa\\\/\"]}]},{\"@type\":\"BreadcrumbList\",\"@id\":\"https:\\\/\\\/www.tecnologialibredeconflicto.org\\\/eu\\\/eragin-politikoa\\\/#breadcrumb\",\"itemListElement\":[{\"@type\":\"ListItem\",\"position\":1,\"name\":\"Portada\",\"item\":\"https:\\\/\\\/www.tecnologialibredeconflicto.org\\\/eu\\\/\"},{\"@type\":\"ListItem\",\"position\":2,\"name\":\"Eragin politikoa\"}]},{\"@type\":\"WebSite\",\"@id\":\"https:\\\/\\\/www.tecnologialibredeconflicto.org\\\/eu\\\/#website\",\"url\":\"https:\\\/\\\/www.tecnologialibredeconflicto.org\\\/eu\\\/\",\"name\":\"Gatazkarik Gabeko Teknologia - Alboan\",\"description\":\"Zure mugikorra eta Kongoko Errepublika Demokratikoko ekialdeko gerrarekin duen lotura ezagutu.\",\"potentialAction\":[{\"@type\":\"SearchAction\",\"target\":{\"@type\":\"EntryPoint\",\"urlTemplate\":\"https:\\\/\\\/www.tecnologialibredeconflicto.org\\\/eu\\\/?s={search_term_string}\"},\"query-input\":{\"@type\":\"PropertyValueSpecification\",\"valueRequired\":true,\"valueName\":\"search_term_string\"}}],\"inLanguage\":\"eu\"}]}<\/script>\n<!-- \/ Yoast SEO plugin. -->","yoast_head_json":{"title":"Eragin politikoa - Gatazkarik Gabeko Teknologia - Alboan","robots":{"index":"index","follow":"follow","max-snippet":"max-snippet:-1","max-image-preview":"max-image-preview:large","max-video-preview":"max-video-preview:-1"},"canonical":"https:\/\/www.tecnologialibredeconflicto.org\/eu\/eragin-politikoa\/","og_locale":"en_US","og_type":"article","og_title":"Eragin politikoa - Gatazkarik Gabeko Teknologia - Alboan","og_description":"COMPRA P\u00daBLICA \u00c9TICA &nbsp; INVESTIGACIONES","og_url":"https:\/\/www.tecnologialibredeconflicto.org\/eu\/eragin-politikoa\/","og_site_name":"Gatazkarik Gabeko Teknologia - Alboan","article_publisher":"http:\/\/facebook.com\/alboan","twitter_card":"summary_large_image","twitter_site":"@ALBOANongd","twitter_misc":{"Est. reading time":"1 minutua"},"schema":{"@context":"https:\/\/schema.org","@graph":[{"@type":"WebPage","@id":"https:\/\/www.tecnologialibredeconflicto.org\/eu\/eragin-politikoa\/","url":"https:\/\/www.tecnologialibredeconflicto.org\/eu\/eragin-politikoa\/","name":"Eragin politikoa - Gatazkarik Gabeko Teknologia - Alboan","isPartOf":{"@id":"https:\/\/www.tecnologialibredeconflicto.org\/eu\/#website"},"datePublished":"2020-09-02T18:01:44+00:00","breadcrumb":{"@id":"https:\/\/www.tecnologialibredeconflicto.org\/eu\/eragin-politikoa\/#breadcrumb"},"inLanguage":"eu","potentialAction":[{"@type":"ReadAction","target":["https:\/\/www.tecnologialibredeconflicto.org\/eu\/eragin-politikoa\/"]}]},{"@type":"BreadcrumbList","@id":"https:\/\/www.tecnologialibredeconflicto.org\/eu\/eragin-politikoa\/#breadcrumb","itemListElement":[{"@type":"ListItem","position":1,"name":"Portada","item":"https:\/\/www.tecnologialibredeconflicto.org\/eu\/"},{"@type":"ListItem","position":2,"name":"Eragin politikoa"}]},{"@type":"WebSite","@id":"https:\/\/www.tecnologialibredeconflicto.org\/eu\/#website","url":"https:\/\/www.tecnologialibredeconflicto.org\/eu\/","name":"Gatazkarik Gabeko Teknologia - Alboan","description":"Zure mugikorra eta Kongoko Errepublika Demokratikoko ekialdeko gerrarekin duen lotura ezagutu.","potentialAction":[{"@type":"SearchAction","target":{"@type":"EntryPoint","urlTemplate":"https:\/\/www.tecnologialibredeconflicto.org\/eu\/?s={search_term_string}"},"query-input":{"@type":"PropertyValueSpecification","valueRequired":true,"valueName":"search_term_string"}}],"inLanguage":"eu"}]}},"_links":{"self":[{"href":"https:\/\/www.tecnologialibredeconflicto.org\/eu\/wp-json\/wp\/v2\/pages\/8701","targetHints":{"allow":["GET"]}}],"collection":[{"href":"https:\/\/www.tecnologialibredeconflicto.org\/eu\/wp-json\/wp\/v2\/pages"}],"about":[{"href":"https:\/\/www.tecnologialibredeconflicto.org\/eu\/wp-json\/wp\/v2\/types\/page"}],"author":[{"embeddable":true,"href":"https:\/\/www.tecnologialibredeconflicto.org\/eu\/wp-json\/wp\/v2\/users\/7"}],"replies":[{"embeddable":true,"href":"https:\/\/www.tecnologialibredeconflicto.org\/eu\/wp-json\/wp\/v2\/comments?post=8701"}],"version-history":[{"count":2,"href":"https:\/\/www.tecnologialibredeconflicto.org\/eu\/wp-json\/wp\/v2\/pages\/8701\/revisions"}],"predecessor-version":[{"id":8703,"href":"https:\/\/www.tecnologialibredeconflicto.org\/eu\/wp-json\/wp\/v2\/pages\/8701\/revisions\/8703"}],"wp:attachment":[{"href":"https:\/\/www.tecnologialibredeconflicto.org\/eu\/wp-json\/wp\/v2\/media?parent=8701"}],"curies":[{"name":"wp","href":"https:\/\/api.w.org\/{rel}","templated":true}]}}